{"id":90,"date":"2020-08-27T19:59:34","date_gmt":"2020-08-27T19:59:34","guid":{"rendered":"http:\/\/draft.petiprojekti.fi\/testi\/?page_id=90"},"modified":"2021-03-02T20:05:22","modified_gmt":"2021-03-02T20:05:22","slug":"blogi","status":"publish","type":"page","link":"https:\/\/draft.petiprojekti.fi\/testi\/blogi\/","title":{"rendered":"Blogi"},"content":{"rendered":"\t\t<div data-elementor-type=\"wp-page\" data-elementor-id=\"90\" class=\"elementor elementor-90\">\n\t\t\t\t\t\t<div class=\"elementor-inner\">\n\t\t\t\t<div class=\"elementor-section-wrap\">\n\t\t\t\t\t\t\t\t\t<section class=\"elementor-section elementor-top-section elementor-element elementor-element-2a7654d elementor-section-boxed elementor-section-height-default elementor-section-height-default\" data-id=\"2a7654d\" data-element_type=\"section\">\n\t\t\t\t\t\t<div class=\"elementor-container elementor-column-gap-default\">\n\t\t\t\t\t\t\t<div class=\"elementor-row\">\n\t\t\t\t\t<div class=\"elementor-column elementor-col-100 elementor-top-column elementor-element elementor-element-156d01bc\" data-id=\"156d01bc\" data-element_type=\"column\">\n\t\t\t<div class=\"elementor-column-wrap elementor-element-populated\">\n\t\t\t\t\t\t\t<div class=\"elementor-widget-wrap\">\n\t\t\t\t\t\t<div class=\"elementor-element elementor-element-1eef24be elementor-widget elementor-widget-text-editor\" data-id=\"1eef24be\" data-element_type=\"widget\" data-widget_type=\"text-editor.default\">\n\t\t\t\t<div class=\"elementor-widget-container\">\n\t\t\t\t\t\t\t\t<div class=\"elementor-text-editor elementor-clearfix\">\n\t\t\t\t<p><!-- wp:paragraph --><\/p>\n<p><b>Huomioithan, ett\u00e4 tekstit ovat minun henkil\u00f6kohtaisia mielipiteit\u00e4 ja kokemuksia. Edustan t\u00e4\u00e4ll\u00e4 vain ja ainoastaan itse\u00e4ni.<\/b><\/p>\n<p><strong>Lukuiloa!<\/strong><\/p>\n<p><!-- \/wp:paragraph --><!-- wp:paragraph --><\/p>\n<div class=\"sya_container\" id=\"sya_container\"><div><a id=\"year2021\"><\/a><a href=\"#\" onclick=\"this.parentNode.nextSibling.style.display=(this.parentNode.nextSibling.style.display!='none'?'none':'');return false;\">2021<\/a><\/div><ul style=\"display:none;\"><li class=\"\"><div class=\"sya_postcontent\"><span class=\"sya_date\">11. marraskuu <span class=\"sya_sep\">&#8211; <\/span><\/span><a href=\"https:\/\/draft.petiprojekti.fi\/testi\/2021\/11\/11\/kun-sukulaiset-saavat-tietaa\/\" class=\"sya_postlink post-368\" rel=\"bookmark\">Kun sukulaiset saavat tiet\u00e4\u00e4<\/a> <span class=\"sya_comments\"><span class=\"sya_bracket\">(<\/span>4<span class=\"sya_bracket\">)<\/span><\/span> <span class=\"sya_categories\"><span class=\"sya_bracket\">(<\/span>Ennakkoluulot, Seksity\u00f6<span class=\"sya_bracket\">)<\/span><\/span><\/div><\/li><li class=\"\"><div class=\"sya_postcontent\"><span class=\"sya_date\">23. elokuu <span class=\"sya_sep\">&#8211; <\/span><\/span><a href=\"https:\/\/draft.petiprojekti.fi\/testi\/2021\/08\/23\/onlyfans-kieltaa-seksuaalisen-sisallon\/\" class=\"sya_postlink post-357\" rel=\"bookmark\">OnlyFans kielt\u00e4\u00e4 seksuaalisen sis\u00e4ll\u00f6n.<\/a> <span class=\"sya_comments\"><span class=\"sya_bracket\">(<\/span>1<span class=\"sya_bracket\">)<\/span><\/span> <span class=\"sya_categories\"><span class=\"sya_bracket\">(<\/span>Fiiliksi\u00e4, Omia ajatuksia, Onlyfans, Porno<span class=\"sya_bracket\">)<\/span><\/span><\/div><\/li><li class=\"\"><div class=\"sya_postcontent\"><span class=\"sya_date\">02. elokuu <span class=\"sya_sep\">&#8211; <\/span><\/span><a href=\"https:\/\/draft.petiprojekti.fi\/testi\/2021\/08\/02\/ura-ja-tuleva-aitiys\/\" class=\"sya_postlink post-348\" rel=\"bookmark\">Ura ja tuleva \u00e4itiys<\/a> <span class=\"sya_comments\"><span class=\"sya_bracket\">(<\/span>5<span class=\"sya_bracket\">)<\/span><\/span> <span class=\"sya_categories\"><span class=\"sya_bracket\">(<\/span>Uncategorized<span class=\"sya_bracket\">)<\/span><\/span><\/div><\/li><li class=\"\"><div class=\"sya_postcontent\"><span class=\"sya_date\">23. kes\u00e4kuu <span class=\"sya_sep\">&#8211; <\/span><\/span><a href=\"https:\/\/draft.petiprojekti.fi\/testi\/2021\/06\/23\/seksityo-raskausaikana\/\" class=\"sya_postlink post-342\" rel=\"bookmark\">Seksity\u00f6 raskausaikana<\/a> <span class=\"sya_comments\"><span class=\"sya_bracket\">(<\/span>1<span class=\"sya_bracket\">)<\/span><\/span> <span class=\"sya_categories\"><span class=\"sya_bracket\">(<\/span>Ennakkoluulot, Raskaus, Seksity\u00f6, Uncategorized, Yritt\u00e4jyys<span class=\"sya_bracket\">)<\/span><\/span><\/div><\/li><li class=\"\"><div class=\"sya_postcontent\"><span class=\"sya_date\">02. kes\u00e4kuu <span class=\"sya_sep\">&#8211; <\/span><\/span><a href=\"https:\/\/draft.petiprojekti.fi\/testi\/2021\/06\/02\/kansainvalinen-seksityontekijoiden-paiva\/\" class=\"sya_postlink post-338\" rel=\"bookmark\">Kansainv\u00e4linen seksity\u00f6ntekij\u00f6iden p\u00e4iv\u00e4<\/a> <span class=\"sya_comments\"><span class=\"sya_bracket\">(<\/span>0<span class=\"sya_bracket\">)<\/span><\/span> <span class=\"sya_categories\"><span class=\"sya_bracket\">(<\/span>Seksity\u00f6<span class=\"sya_bracket\">)<\/span><\/span><\/div><\/li><li class=\"\"><div class=\"sya_postcontent\"><span class=\"sya_date\">18. toukokuu <span class=\"sya_sep\">&#8211; <\/span><\/span><a href=\"https:\/\/draft.petiprojekti.fi\/testi\/2021\/05\/18\/te-kysyitte-ma-vastaan\/\" class=\"sya_postlink post-332\" rel=\"bookmark\">Te kysyitte, m\u00e4 vastaan<\/a> <span class=\"sya_comments\"><span class=\"sya_bracket\">(<\/span>1<span class=\"sya_bracket\">)<\/span><\/span> <span class=\"sya_categories\"><span class=\"sya_bracket\">(<\/span>kysymyksi\u00e4javastauksia, Seksity\u00f6<span class=\"sya_bracket\">)<\/span><\/span><\/div><\/li><li class=\"\"><div class=\"sya_postcontent\"><span class=\"sya_date\">03. toukokuu <span class=\"sya_sep\">&#8211; <\/span><\/span><a href=\"https:\/\/draft.petiprojekti.fi\/testi\/2021\/05\/03\/haluatko-loukata-seksityontekijaa\/\" class=\"sya_postlink post-313\" rel=\"bookmark\">Haluatko loukata seksity\u00f6ntekij\u00e4\u00e4?<\/a> <span class=\"sya_comments\"><span class=\"sya_bracket\">(<\/span>4<span class=\"sya_bracket\">)<\/span><\/span> <span class=\"sya_categories\"><span class=\"sya_bracket\">(<\/span>Ennakkoluulot, Fiiliksi\u00e4, Julkisuus, Omia ajatuksia, Seksity\u00f6, Yritt\u00e4jyys<span class=\"sya_bracket\">)<\/span><\/span><\/div><\/li><li class=\"\"><div class=\"sya_postcontent\"><span class=\"sya_date\">27. huhtikuu <span class=\"sya_sep\">&#8211; <\/span><\/span><a href=\"https:\/\/draft.petiprojekti.fi\/testi\/2021\/04\/27\/tauko-kuulumisia\/\" class=\"sya_postlink post-311\" rel=\"bookmark\">Tauko-kuulumisia<\/a> <span class=\"sya_comments\"><span class=\"sya_bracket\">(<\/span>3<span class=\"sya_bracket\">)<\/span><\/span> <span class=\"sya_categories\"><span class=\"sya_bracket\">(<\/span>Fiiliksi\u00e4, Julkisuus, Seksity\u00f6, Tauko, Yritt\u00e4jyys<span class=\"sya_bracket\">)<\/span><\/span><\/div><\/li><li class=\"\"><div class=\"sya_postcontent\"><span class=\"sya_date\">15. huhtikuu <span class=\"sya_sep\">&#8211; <\/span><\/span><a href=\"https:\/\/draft.petiprojekti.fi\/testi\/2021\/04\/15\/en-oo-tvsta-tuttu-mut-musta-oli-aamulehdessa-juttu\/\" class=\"sya_postlink post-307\" rel=\"bookmark\">En oo TV:st\u00e4 tuttu, mut musta oli Aamulehdess\u00e4 juttu<\/a> <span class=\"sya_comments\"><span class=\"sya_bracket\">(<\/span>2<span class=\"sya_bracket\">)<\/span><\/span> <span class=\"sya_categories\"><span class=\"sya_bracket\">(<\/span>Ennakkoluulot, Julkisuus, Omia ajatuksia, Onlyfans, Seksity\u00f6<span class=\"sya_bracket\">)<\/span><\/span><\/div><\/li><li class=\"\"><div class=\"sya_postcontent\"><span class=\"sya_date\">06. huhtikuu <span class=\"sya_sep\">&#8211; <\/span><\/span><a href=\"https:\/\/draft.petiprojekti.fi\/testi\/2021\/04\/06\/olenko-ammattihuora\/\" class=\"sya_postlink post-304\" rel=\"bookmark\">Olenko ammattihuora?<\/a> <span class=\"sya_comments\"><span class=\"sya_bracket\">(<\/span>3<span class=\"sya_bracket\">)<\/span><\/span> <span class=\"sya_categories\"><span class=\"sya_bracket\">(<\/span>Ammatillinen kehitys, Omia ajatuksia, Porno, Seksity\u00f6, Yritt\u00e4jyys<span class=\"sya_bracket\">)<\/span><\/span><\/div><\/li><li class=\"\"><div class=\"sya_postcontent\"><span class=\"sya_date\">29. maaliskuu <span class=\"sya_sep\">&#8211; <\/span><\/span><a href=\"https:\/\/draft.petiprojekti.fi\/testi\/2021\/03\/29\/mita-asiakastapaamisilla-tapahtuu\/\" class=\"sya_postlink post-298\" rel=\"bookmark\">Mit\u00e4 asiakastapaamisilla tapahtuu?<\/a> <span class=\"sya_comments\"><span class=\"sya_bracket\">(<\/span>0<span class=\"sya_bracket\">)<\/span><\/span> <span class=\"sya_categories\"><span class=\"sya_bracket\">(<\/span>Asiakkaat, Seksity\u00f6, Yritt\u00e4jyys<span class=\"sya_bracket\">)<\/span><\/span><\/div><\/li><li class=\"\"><div class=\"sya_postcontent\"><span class=\"sya_date\">22. maaliskuu <span class=\"sya_sep\">&#8211; <\/span><\/span><a href=\"https:\/\/draft.petiprojekti.fi\/testi\/2021\/03\/22\/miten-lahetetaan-onnistunut-dickpic\/\" class=\"sya_postlink post-295\" rel=\"bookmark\">Miten l\u00e4hetet\u00e4\u00e4n onnistunut dickpic?<\/a> <span class=\"sya_comments\"><span class=\"sya_bracket\">(<\/span>2<span class=\"sya_bracket\">)<\/span><\/span> <span class=\"sya_categories\"><span class=\"sya_bracket\">(<\/span>Omia ajatuksia, Seksity\u00f6<span class=\"sya_bracket\">)<\/span><\/span><\/div><\/li><li class=\"\"><div class=\"sya_postcontent\"><span class=\"sya_date\">17. maaliskuu <span class=\"sya_sep\">&#8211; <\/span><\/span><a href=\"https:\/\/draft.petiprojekti.fi\/testi\/2021\/03\/17\/siis-mika-onlyfans\/\" class=\"sya_postlink post-287\" rel=\"bookmark\">Siis mik\u00e4 OnlyFans?<\/a> <span class=\"sya_comments\"><span class=\"sya_bracket\">(<\/span>0<span class=\"sya_bracket\">)<\/span><\/span> <span class=\"sya_categories\"><span class=\"sya_bracket\">(<\/span>Mainos, Onlyfans, Porno<span class=\"sya_bracket\">)<\/span><\/span><\/div><\/li><li class=\"\"><div class=\"sya_postcontent\"><span class=\"sya_date\">10. maaliskuu <span class=\"sya_sep\">&#8211; <\/span><\/span><a href=\"https:\/\/draft.petiprojekti.fi\/testi\/2021\/03\/10\/seksityo-vie-mielenterveyden\/\" class=\"sya_postlink post-281\" rel=\"bookmark\">&#8221;Seksity\u00f6 vie mielenterveyden&#8221;<\/a> <span class=\"sya_comments\"><span class=\"sya_bracket\">(<\/span>2<span class=\"sya_bracket\">)<\/span><\/span> <span class=\"sya_categories\"><span class=\"sya_bracket\">(<\/span>Alan vaihto, Ennakkoluulot, Omia ajatuksia, Seksity\u00f6<span class=\"sya_bracket\">)<\/span><\/span><\/div><\/li><li class=\"\"><div class=\"sya_postcontent\"><span class=\"sya_date\">03. maaliskuu <span class=\"sya_sep\">&#8211; <\/span><\/span><a href=\"https:\/\/draft.petiprojekti.fi\/testi\/2021\/03\/03\/kansainvalinen-seksityontekijoiden-oikeuksien-paiva-tanaan\/\" class=\"sya_postlink post-279\" rel=\"bookmark\">Kansainv\u00e4linen seksity\u00f6ntekij\u00f6iden oikeuksien p\u00e4iv\u00e4 T\u00c4N\u00c4\u00c4N!<\/a> <span class=\"sya_comments\"><span class=\"sya_bracket\">(<\/span>0<span class=\"sya_bracket\">)<\/span><\/span> <span class=\"sya_categories\"><span class=\"sya_bracket\">(<\/span>Omia ajatuksia, Seksity\u00f6, Yritt\u00e4jyys<span class=\"sya_bracket\">)<\/span><\/span><\/div><\/li><li class=\"\"><div class=\"sya_postcontent\"><span class=\"sya_date\">23. helmikuu <span class=\"sya_sep\">&#8211; <\/span><\/span><a href=\"https:\/\/draft.petiprojekti.fi\/testi\/2021\/02\/23\/horon-peruspaiva\/\" class=\"sya_postlink post-261\" rel=\"bookmark\">Horon perusp\u00e4iv\u00e4<\/a> <span class=\"sya_comments\"><span class=\"sya_bracket\">(<\/span>1<span class=\"sya_bracket\">)<\/span><\/span> <span class=\"sya_categories\"><span class=\"sya_bracket\">(<\/span>Fiiliksi\u00e4, Omia ajatuksia, Seksity\u00f6, Yritt\u00e4jyys<span class=\"sya_bracket\">)<\/span><\/span><\/div><\/li><li class=\"\"><div class=\"sya_postcontent\"><span class=\"sya_date\">15. helmikuu <span class=\"sya_sep\">&#8211; <\/span><\/span><a href=\"https:\/\/draft.petiprojekti.fi\/testi\/2021\/02\/15\/10-hyvaa-syyta-ostaa-seksia\/\" class=\"sya_postlink post-254\" rel=\"bookmark\">10 hyv\u00e4\u00e4(!) syyt\u00e4 ostaa seksi\u00e4<\/a> <span class=\"sya_comments\"><span class=\"sya_bracket\">(<\/span>3<span class=\"sya_bracket\">)<\/span><\/span> <span class=\"sya_categories\"><span class=\"sya_bracket\">(<\/span>Asiakkaan asema, Asiakkaat, Ennakkoluulot, Omia ajatuksia, Seksity\u00f6<span class=\"sya_bracket\">)<\/span><\/span><\/div><\/li><li class=\"\"><div class=\"sya_postcontent\"><span class=\"sya_date\">09. helmikuu <span class=\"sya_sep\">&#8211; <\/span><\/span><a href=\"https:\/\/draft.petiprojekti.fi\/testi\/2021\/02\/09\/pornotahteytta-ja-fetissijuttuja\/\" class=\"sya_postlink post-248\" rel=\"bookmark\">Pornot\u00e4hteytt\u00e4 ja fetissijuttuja<\/a> <span class=\"sya_comments\"><span class=\"sya_bracket\">(<\/span>2<span class=\"sya_bracket\">)<\/span><\/span> <span class=\"sya_categories\"><span class=\"sya_bracket\">(<\/span>Fetissit, Fiiliksi\u00e4, Porno<span class=\"sya_bracket\">)<\/span><\/span><\/div><\/li><li class=\"\"><div class=\"sya_postcontent\"><span class=\"sya_date\">06. helmikuu <span class=\"sya_sep\">&#8211; <\/span><\/span><a href=\"https:\/\/draft.petiprojekti.fi\/testi\/2021\/02\/06\/seksityo-vs-hoitotyo\/\" class=\"sya_postlink post-246\" rel=\"bookmark\">Seksity\u00f6 vs hoitoty\u00f6<\/a> <span class=\"sya_comments\"><span class=\"sya_bracket\">(<\/span>1<span class=\"sya_bracket\">)<\/span><\/span> <span class=\"sya_categories\"><span class=\"sya_bracket\">(<\/span>Alan vaihto, Fiiliksi\u00e4, Omia ajatuksia, Seksity\u00f6<span class=\"sya_bracket\">)<\/span><\/span><\/div><\/li><li class=\"\"><div class=\"sya_postcontent\"><span class=\"sya_date\">29. tammikuu <span class=\"sya_sep\">&#8211; <\/span><\/span><a href=\"https:\/\/draft.petiprojekti.fi\/testi\/2021\/01\/29\/ma-oon-ammatiltani-seksityontekija\/\" class=\"sya_postlink post-236\" rel=\"bookmark\">&#8221;M\u00e4 oon ammatiltani seksity\u00f6ntekij\u00e4&#8221;<\/a> <span class=\"sya_comments\"><span class=\"sya_bracket\">(<\/span>2<span class=\"sya_bracket\">)<\/span><\/span> <span class=\"sya_categories\"><span class=\"sya_bracket\">(<\/span>Fiiliksi\u00e4, Seksity\u00f6<span class=\"sya_bracket\">)<\/span><\/span><\/div><\/li><li class=\"\"><div class=\"sya_postcontent\"><span class=\"sya_date\">14. tammikuu <span class=\"sya_sep\">&#8211; <\/span><\/span><a href=\"https:\/\/draft.petiprojekti.fi\/testi\/2021\/01\/14\/onlyfans\/\" class=\"sya_postlink post-230\" rel=\"bookmark\">ONLYFANS<\/a> <span class=\"sya_comments\"><span class=\"sya_bracket\">(<\/span>1<span class=\"sya_bracket\">)<\/span><\/span> <span class=\"sya_categories\"><span class=\"sya_bracket\">(<\/span>Fiiliksi\u00e4, Onlyfans, Porno<span class=\"sya_bracket\">)<\/span><\/span><\/div><\/li><li class=\"\"><div class=\"sya_postcontent\"><span class=\"sya_date\">07. tammikuu <span class=\"sya_sep\">&#8211; <\/span><\/span><a href=\"https:\/\/draft.petiprojekti.fi\/testi\/2021\/01\/07\/itseani-etsimassa\/\" class=\"sya_postlink post-227\" rel=\"bookmark\">Itse\u00e4ni etsim\u00e4ss\u00e4<\/a> <span class=\"sya_comments\"><span class=\"sya_bracket\">(<\/span>2<span class=\"sya_bracket\">)<\/span><\/span> <span class=\"sya_categories\"><span class=\"sya_bracket\">(<\/span>Fiiliksi\u00e4, Omia ajatuksia<span class=\"sya_bracket\">)<\/span><\/span><\/div><\/li><\/ul><div><a id=\"year2020\"><\/a><a href=\"#\" onclick=\"this.parentNode.nextSibling.style.display=(this.parentNode.nextSibling.style.display!='none'?'none':'');return false;\">2020<\/a><\/div><ul style=\"display:none;\"><li class=\"\"><div class=\"sya_postcontent\"><span class=\"sya_date\">26. marraskuu <span class=\"sya_sep\">&#8211; <\/span><\/span><a href=\"https:\/\/draft.petiprojekti.fi\/testi\/2020\/11\/26\/yrittajyydesta-ja-koronasta\/\" class=\"sya_postlink post-223\" rel=\"bookmark\">Yritt\u00e4jyydest\u00e4 ja koronasta<\/a> <span class=\"sya_comments\"><span class=\"sya_bracket\">(<\/span>0<span class=\"sya_bracket\">)<\/span><\/span> <span class=\"sya_categories\"><span class=\"sya_bracket\">(<\/span>Fiiliksi\u00e4, Omia ajatuksia, Yritt\u00e4jyys<span class=\"sya_bracket\">)<\/span><\/span><\/div><\/li><li class=\"\"><div class=\"sya_postcontent\"><span class=\"sya_date\">16. marraskuu <span class=\"sya_sep\">&#8211; <\/span><\/span><a href=\"https:\/\/draft.petiprojekti.fi\/testi\/2020\/11\/16\/millaista-on-tarjota-seksia-rahaa-vastaan\/\" class=\"sya_postlink post-220\" rel=\"bookmark\">Millaista on tarjota seksi\u00e4 rahaa vastaan?<\/a> <span class=\"sya_comments\"><span class=\"sya_bracket\">(<\/span>2<span class=\"sya_bracket\">)<\/span><\/span> <span class=\"sya_categories\"><span class=\"sya_bracket\">(<\/span>Fiiliksi\u00e4, Omia ajatuksia, Seksity\u00f6<span class=\"sya_bracket\">)<\/span><\/span><\/div><\/li><li class=\"\"><div class=\"sya_postcontent\"><span class=\"sya_date\">11. marraskuu <span class=\"sya_sep\">&#8211; <\/span><\/span><a href=\"https:\/\/draft.petiprojekti.fi\/testi\/2020\/11\/11\/tartten-peiteammatin-muita-kuulumisia\/\" class=\"sya_postlink post-218\" rel=\"bookmark\">Tartten peiteammatin + muita kuulumisia<\/a> <span class=\"sya_comments\"><span class=\"sya_bracket\">(<\/span>3<span class=\"sya_bracket\">)<\/span><\/span> <span class=\"sya_categories\"><span class=\"sya_bracket\">(<\/span>Fiiliksi\u00e4, Seksity\u00f6, Yritt\u00e4jyys<span class=\"sya_bracket\">)<\/span><\/span><\/div><\/li><li class=\"\"><div class=\"sya_postcontent\"><span class=\"sya_date\">28. lokakuu <span class=\"sya_sep\">&#8211; <\/span><\/span><a href=\"https:\/\/draft.petiprojekti.fi\/testi\/2020\/10\/28\/alusvaatefetissi-myyjan-nakovinkkelista\/\" class=\"sya_postlink post-213\" rel=\"bookmark\">Alusvaatefetissi myyj\u00e4n n\u00e4k\u00f6vinkkelist\u00e4<\/a> <span class=\"sya_comments\"><span class=\"sya_bracket\">(<\/span>1<span class=\"sya_bracket\">)<\/span><\/span> <span class=\"sya_categories\"><span class=\"sya_bracket\">(<\/span>Fetissit, Seksity\u00f6<span class=\"sya_bracket\">)<\/span><\/span><\/div><\/li><li class=\"\"><div class=\"sya_postcontent\"><span class=\"sya_date\">23. lokakuu <span class=\"sya_sep\">&#8211; <\/span><\/span><a href=\"https:\/\/draft.petiprojekti.fi\/testi\/2020\/10\/23\/eiko-susta-pitany-tulla-seksualiterapeutti\/\" class=\"sya_postlink post-210\" rel=\"bookmark\">&#8221;Eik\u00f6 susta pit\u00e4ny tulla seksualiterapeutti?&#8221;<\/a> <span class=\"sya_comments\"><span class=\"sya_bracket\">(<\/span>1<span class=\"sya_bracket\">)<\/span><\/span> <span class=\"sya_categories\"><span class=\"sya_bracket\">(<\/span>Fiiliksi\u00e4, Seksity\u00f6<span class=\"sya_bracket\">)<\/span><\/span><\/div><\/li><li class=\"\"><div class=\"sya_postcontent\"><span class=\"sya_date\">05. lokakuu <span class=\"sya_sep\">&#8211; <\/span><\/span><a href=\"https:\/\/draft.petiprojekti.fi\/testi\/2020\/10\/05\/nuori-innokas-ja-malttamaton\/\" class=\"sya_postlink post-188\" rel=\"bookmark\">Nuori, innokas ja malttamaton<\/a> <span class=\"sya_comments\"><span class=\"sya_bracket\">(<\/span>0<span class=\"sya_bracket\">)<\/span><\/span> <span class=\"sya_categories\"><span class=\"sya_bracket\">(<\/span>Fiiliksi\u00e4, Seksity\u00f6<span class=\"sya_bracket\">)<\/span><\/span><\/div><\/li><li class=\"\"><div class=\"sya_postcontent\"><span class=\"sya_date\">29. syyskuu <span class=\"sya_sep\">&#8211; <\/span><\/span><a href=\"https:\/\/draft.petiprojekti.fi\/testi\/2020\/09\/29\/lasken-jo-paivia-hoitsutyon-paattymiseen\/\" class=\"sya_postlink post-182\" rel=\"bookmark\">Lasken jo p\u00e4ivi\u00e4 hoitsuty\u00f6n p\u00e4\u00e4ttymiseen!<\/a> <span class=\"sya_comments\"><span class=\"sya_bracket\">(<\/span>0<span class=\"sya_bracket\">)<\/span><\/span> <span class=\"sya_categories\"><span class=\"sya_bracket\">(<\/span>Seksity\u00f6, Yritt\u00e4jyys<span class=\"sya_bracket\">)<\/span><\/span><\/div><\/li><li class=\"\"><div class=\"sya_postcontent\"><span class=\"sya_date\">06. syyskuu <span class=\"sya_sep\">&#8211; <\/span><\/span><a href=\"https:\/\/draft.petiprojekti.fi\/testi\/2020\/09\/06\/jannittaa\/\" class=\"sya_postlink post-159\" rel=\"bookmark\">J\u00e4nnitt\u00e4\u00e4!<\/a> <span class=\"sya_comments\"><span class=\"sya_bracket\">(<\/span>0<span class=\"sya_bracket\">)<\/span><\/span> <span class=\"sya_categories\"><span class=\"sya_bracket\">(<\/span>Yritt\u00e4jyys<span class=\"sya_bracket\">)<\/span><\/span><\/div><\/li><li class=\"\"><div class=\"sya_postcontent\"><span class=\"sya_date\">27. elokuu <span class=\"sya_sep\">&#8211; <\/span><\/span><a href=\"https:\/\/draft.petiprojekti.fi\/testi\/2020\/08\/27\/ensimmainen-postaus\/\" class=\"sya_postlink post-55\" rel=\"bookmark\">Ensimm\u00e4inen postaus<\/a> <span class=\"sya_comments\"><span class=\"sya_bracket\">(<\/span>0<span class=\"sya_bracket\">)<\/span><\/span> <span class=\"sya_categories\"><span class=\"sya_bracket\">(<\/span>Yritt\u00e4jyys<span class=\"sya_bracket\">)<\/span><\/span><\/div><\/li><\/ul><\/div>\n<p><!-- \/wp:paragraph --><\/p>\t\t\t\t\t<\/div>\n\t\t\t\t\t\t<\/div>\n\t\t\t\t<\/div>\n\t\t\t\t\t\t<\/div>\n\t\t\t\t\t<\/div>\n\t\t<\/div>\n\t\t\t\t\t\t\t\t<\/div>\n\t\t\t\t\t<\/div>\n\t\t<\/section>\n\t\t\t\t\t\t\t\t\t<\/div>\n\t\t\t<\/div>\n\t\t\t\t\t<\/div>\n\t\t","protected":false},"excerpt":{"rendered":"<p>Huomioithan, ett\u00e4 tekstit ovat minun henkil\u00f6kohtaisia mielipiteit\u00e4 ja kokemuksia. Edustan t\u00e4\u00e4ll\u00e4 vain ja ainoastaan itse\u00e4ni. Lukuiloa!<\/p>\n","protected":false},"author":1,"featured_media":0,"parent":0,"menu_order":0,"comment_status":"closed","ping_status":"closed","template":"","meta":{"ngg_post_thumbnail":0},"yoast_head":"<!-- This site is optimized with the Yoast SEO plugin v14.9 - https:\/\/yoast.com\/wordpress\/plugins\/seo\/ -->\n<title>Blogi - Petiprojekti<\/title>\n<meta name=\"robots\" content=\"index, follow, max-snippet:-1, max-image-preview:large, max-video-preview:-1\" \/>\n<link rel=\"canonical\" href=\"http:\/\/draft.petiprojekti.fi\/testi\/blogi\/\" \/>\n<meta property=\"og:locale\" content=\"fi_FI\" \/>\n<meta property=\"og:type\" content=\"article\" \/>\n<meta property=\"og:title\" content=\"Blogi - Petiprojekti\" \/>\n<meta property=\"og:description\" content=\"Huomioithan, ett\u00e4 tekstit ovat minun henkil\u00f6kohtaisia mielipiteit\u00e4 ja kokemuksia. Edustan t\u00e4\u00e4ll\u00e4 vain ja ainoastaan itse\u00e4ni. Lukuiloa!\" \/>\n<meta property=\"og:url\" content=\"http:\/\/draft.petiprojekti.fi\/testi\/blogi\/\" \/>\n<meta property=\"og:site_name\" content=\"Petiprojekti\" \/>\n<meta property=\"article:modified_time\" content=\"2021-03-02T20:05:22+00:00\" \/>\n<meta name=\"twitter:card\" content=\"summary_large_image\" \/>\n<script type=\"application\/ld+json\" class=\"yoast-schema-graph\">{\"@context\":\"https:\/\/schema.org\",\"@graph\":[{\"@type\":\"WebSite\",\"@id\":\"https:\/\/draft.petiprojekti.fi\/testi\/#website\",\"url\":\"https:\/\/draft.petiprojekti.fi\/testi\/\",\"name\":\"Petiprojekti\",\"description\":\"Hoitsusta seksity&ouml;l&auml;iseksi - er&auml;&auml;n ammatinvaihtajan tarina\",\"potentialAction\":[{\"@type\":\"SearchAction\",\"target\":\"https:\/\/draft.petiprojekti.fi\/testi\/?s={search_term_string}\",\"query-input\":\"required name=search_term_string\"}],\"inLanguage\":\"fi\"},{\"@type\":\"WebPage\",\"@id\":\"http:\/\/draft.petiprojekti.fi\/testi\/blogi\/#webpage\",\"url\":\"http:\/\/draft.petiprojekti.fi\/testi\/blogi\/\",\"name\":\"Blogi - Petiprojekti\",\"isPartOf\":{\"@id\":\"https:\/\/draft.petiprojekti.fi\/testi\/#website\"},\"datePublished\":\"2020-08-27T19:59:34+00:00\",\"dateModified\":\"2021-03-02T20:05:22+00:00\",\"inLanguage\":\"fi\",\"potentialAction\":[{\"@type\":\"ReadAction\",\"target\":[\"http:\/\/draft.petiprojekti.fi\/testi\/blogi\/\"]}]}]}<\/script>\n<!-- \/ Yoast SEO plugin. -->","_links":{"self":[{"href":"https:\/\/draft.petiprojekti.fi\/testi\/wp-json\/wp\/v2\/pages\/90"}],"collection":[{"href":"https:\/\/draft.petiprojekti.fi\/testi\/wp-json\/wp\/v2\/pages"}],"about":[{"href":"https:\/\/draft.petiprojekti.fi\/testi\/wp-json\/wp\/v2\/types\/page"}],"author":[{"embeddable":true,"href":"https:\/\/draft.petiprojekti.fi\/testi\/wp-json\/wp\/v2\/users\/1"}],"replies":[{"embeddable":true,"href":"https:\/\/draft.petiprojekti.fi\/testi\/wp-json\/wp\/v2\/comments?post=90"}],"version-history":[{"count":9,"href":"https:\/\/draft.petiprojekti.fi\/testi\/wp-json\/wp\/v2\/pages\/90\/revisions"}],"predecessor-version":[{"id":278,"href":"https:\/\/draft.petiprojekti.fi\/testi\/wp-json\/wp\/v2\/pages\/90\/revisions\/278"}],"wp:attachment":[{"href":"https:\/\/draft.petiprojekti.fi\/testi\/wp-json\/wp\/v2\/media?parent=90"}],"curies":[{"name":"wp","href":"https:\/\/api.w.org\/{rel}","templated":true}]}}