{"id":316,"date":"2021-05-12T19:08:32","date_gmt":"2021-05-12T19:08:32","guid":{"rendered":"http:\/\/draft.petiprojekti.fi\/testi\/?page_id=316"},"modified":"2021-08-10T17:24:20","modified_gmt":"2021-08-10T17:24:20","slug":"kollegoita","status":"publish","type":"page","link":"https:\/\/draft.petiprojekti.fi\/testi\/kollegoita\/","title":{"rendered":"Kollegoita"},"content":{"rendered":"\t\t<div data-elementor-type=\"wp-page\" data-elementor-id=\"316\" class=\"elementor elementor-316\">\n\t\t\t\t\t\t<div class=\"elementor-inner\">\n\t\t\t\t<div class=\"elementor-section-wrap\">\n\t\t\t\t\t\t\t\t\t<section class=\"elementor-section elementor-top-section elementor-element elementor-element-2185146c elementor-section-boxed elementor-section-height-default elementor-section-height-default\" data-id=\"2185146c\" data-element_type=\"section\">\n\t\t\t\t\t\t<div class=\"elementor-container elementor-column-gap-default\">\n\t\t\t\t\t\t\t<div class=\"elementor-row\">\n\t\t\t\t\t<div class=\"elementor-column elementor-col-100 elementor-top-column elementor-element elementor-element-40b38d31\" data-id=\"40b38d31\" data-element_type=\"column\">\n\t\t\t<div class=\"elementor-column-wrap elementor-element-populated\">\n\t\t\t\t\t\t\t<div class=\"elementor-widget-wrap\">\n\t\t\t\t\t\t<div class=\"elementor-element elementor-element-309a6393 elementor-widget elementor-widget-text-editor\" data-id=\"309a6393\" data-element_type=\"widget\" data-widget_type=\"text-editor.default\">\n\t\t\t\t<div class=\"elementor-widget-container\">\n\t\t\t\t\t\t\t\t<div class=\"elementor-text-editor elementor-clearfix\">\n\t\t\t\t<p><!-- wp:paragraph --><\/p>\n<p>T\u00e4lt\u00e4 sivulta l\u00f6yd\u00e4t muiden seksity\u00f6ntekij\u00f6iden kotisivuja!<\/p>\n<p><!-- \/wp:paragraph --><!-- wp:paragraph --><\/p>\n<p><a href=\"http:\/\/www.bbwnanna.com\" target=\"_blank\" rel=\"noreferrer noopener\">BBW Nanna<\/a> &#8211; Kinky tytt\u00f6yst\u00e4v\u00e4si Espoossa<\/p>\n<p><!-- \/wp:paragraph --><!-- wp:paragraph --><\/p>\n<p><a href=\"http:\/\/www.anninasweet.fi\" target=\"_blank\" rel=\"noreferrer noopener\">Annina Sweet<\/a> &#8211; Sinun tytt\u00f6m\u00e4inen rakastajattaresi<\/p>\n<p><a href=\"https:\/\/dominaemmanuella.com\/\">Domina\u00a0 Emmanuella<\/a><span style=\"font-size: 0.9375rem;\"> &#8211; Muodokas, huoliteltu ja helposti l\u00e4hestytt\u00e4v\u00e4, mutta armoton dominan roolissa<\/span><\/p>\n<p><a href=\"https:\/\/auroraelomaa.fi\/\"><span style=\"font-size: 0.9375rem;\">Aurora Elomaa<\/span><\/a><\/p>\n<p><a href=\"https:\/\/www.domina-ajatar.com\/\"><span style=\"font-size: 0.9375rem;\">Domina Ajatar<\/span><\/a><\/p>\n<p><a style=\"font-family: var( --e-global-typography-text-font-family ); font-size: var( --e-global-typography-text-font-size ); font-style: var( --e-global-typography-text-font-style ); font-weight: var( --e-global-typography-text-font-weight ); letter-spacing: var( --e-global-typography-text-letter-spacing ); text-transform: var( --e-global-typography-text-text-transform ); background-color: #edc6f4;\" href=\"http:\/\/www.devisparkles.com\" target=\"_blank\" rel=\"noopener\">Devi Sparkles<\/a>\u00a0&#8211; Sensuelli jumalatar, joka rakastaa tytt\u00f6ilij\u00f6it\u00e4, siveysv\u00f6it\u00e4, kuuliaisia palvelijoita sek\u00e4 fetisistej\u00e4<\/p>\n<p>\u00a0<\/p>\n<p><!-- \/wp:paragraph --><\/p>\t\t\t\t\t<\/div>\n\t\t\t\t\t\t<\/div>\n\t\t\t\t<\/div>\n\t\t\t\t\t\t<\/div>\n\t\t\t\t\t<\/div>\n\t\t<\/div>\n\t\t\t\t\t\t\t\t<\/div>\n\t\t\t\t\t<\/div>\n\t\t<\/section>\n\t\t\t\t\t\t\t\t\t<\/div>\n\t\t\t<\/div>\n\t\t\t\t\t<\/div>\n\t\t","protected":false},"excerpt":{"rendered":"<p>T\u00e4lt\u00e4 sivulta l\u00f6yd\u00e4t muiden seksity\u00f6ntekij\u00f6iden kotisivuja! BBW Nanna &#8211; Kinky tytt\u00f6yst\u00e4v\u00e4si Espoossa Annina Sweet &#8211; Sinun tytt\u00f6m\u00e4inen rakastajattaresi Domina\u00a0 Emmanuella &#8211; Muodokas, huoliteltu ja helposti l\u00e4hestytt\u00e4v\u00e4, mutta armoton dominan roolissa Aurora Elomaa Domina Ajatar Devi Sparkles\u00a0&#8211; Sensuelli jumalatar, joka rakastaa tytt\u00f6ilij\u00f6it\u00e4, siveysv\u00f6it\u00e4, kuuliaisia palvelijoita sek\u00e4 fetisistej\u00e4 \u00a0<\/p>\n","protected":false},"author":1,"featured_media":0,"parent":0,"menu_order":0,"comment_status":"closed","ping_status":"closed","template":"","meta":{"ngg_post_thumbnail":0},"yoast_head":"<!-- This site is optimized with the Yoast SEO plugin v14.9 - https:\/\/yoast.com\/wordpress\/plugins\/seo\/ -->\n<title>Kollegoita - Petiprojekti<\/title>\n<meta name=\"robots\" content=\"index, follow, max-snippet:-1, max-image-preview:large, max-video-preview:-1\" \/>\n<link rel=\"canonical\" href=\"http:\/\/draft.petiprojekti.fi\/testi\/kollegoita\/\" \/>\n<meta property=\"og:locale\" content=\"fi_FI\" \/>\n<meta property=\"og:type\" content=\"article\" \/>\n<meta property=\"og:title\" content=\"Kollegoita - Petiprojekti\" \/>\n<meta property=\"og:description\" content=\"T\u00e4lt\u00e4 sivulta l\u00f6yd\u00e4t muiden seksity\u00f6ntekij\u00f6iden kotisivuja! BBW Nanna &#8211; Kinky tytt\u00f6yst\u00e4v\u00e4si Espoossa Annina Sweet &#8211; Sinun tytt\u00f6m\u00e4inen rakastajattaresi Domina\u00a0 Emmanuella &#8211; Muodokas, huoliteltu ja helposti l\u00e4hestytt\u00e4v\u00e4, mutta armoton dominan roolissa Aurora Elomaa Domina Ajatar Devi Sparkles\u00a0&#8211; Sensuelli jumalatar, joka rakastaa tytt\u00f6ilij\u00f6it\u00e4, siveysv\u00f6it\u00e4, kuuliaisia palvelijoita sek\u00e4 fetisistej\u00e4 \u00a0\" \/>\n<meta property=\"og:url\" content=\"http:\/\/draft.petiprojekti.fi\/testi\/kollegoita\/\" \/>\n<meta property=\"og:site_name\" content=\"Petiprojekti\" \/>\n<meta property=\"article:modified_time\" content=\"2021-08-10T17:24:20+00:00\" \/>\n<meta name=\"twitter:card\" content=\"summary_large_image\" \/>\n<script type=\"application\/ld+json\" class=\"yoast-schema-graph\">{\"@context\":\"https:\/\/schema.org\",\"@graph\":[{\"@type\":\"WebSite\",\"@id\":\"https:\/\/draft.petiprojekti.fi\/testi\/#website\",\"url\":\"https:\/\/draft.petiprojekti.fi\/testi\/\",\"name\":\"Petiprojekti\",\"description\":\"Hoitsusta seksity&ouml;l&auml;iseksi - er&auml;&auml;n ammatinvaihtajan tarina\",\"potentialAction\":[{\"@type\":\"SearchAction\",\"target\":\"https:\/\/draft.petiprojekti.fi\/testi\/?s={search_term_string}\",\"query-input\":\"required name=search_term_string\"}],\"inLanguage\":\"fi\"},{\"@type\":\"WebPage\",\"@id\":\"http:\/\/draft.petiprojekti.fi\/testi\/kollegoita\/#webpage\",\"url\":\"http:\/\/draft.petiprojekti.fi\/testi\/kollegoita\/\",\"name\":\"Kollegoita - Petiprojekti\",\"isPartOf\":{\"@id\":\"https:\/\/draft.petiprojekti.fi\/testi\/#website\"},\"datePublished\":\"2021-05-12T19:08:32+00:00\",\"dateModified\":\"2021-08-10T17:24:20+00:00\",\"inLanguage\":\"fi\",\"potentialAction\":[{\"@type\":\"ReadAction\",\"target\":[\"http:\/\/draft.petiprojekti.fi\/testi\/kollegoita\/\"]}]}]}<\/script>\n<!-- \/ Yoast SEO plugin. -->","_links":{"self":[{"href":"https:\/\/draft.petiprojekti.fi\/testi\/wp-json\/wp\/v2\/pages\/316"}],"collection":[{"href":"https:\/\/draft.petiprojekti.fi\/testi\/wp-json\/wp\/v2\/pages"}],"about":[{"href":"https:\/\/draft.petiprojekti.fi\/testi\/wp-json\/wp\/v2\/types\/page"}],"author":[{"embeddable":true,"href":"https:\/\/draft.petiprojekti.fi\/testi\/wp-json\/wp\/v2\/users\/1"}],"replies":[{"embeddable":true,"href":"https:\/\/draft.petiprojekti.fi\/testi\/wp-json\/wp\/v2\/comments?post=316"}],"version-history":[{"count":6,"href":"https:\/\/draft.petiprojekti.fi\/testi\/wp-json\/wp\/v2\/pages\/316\/revisions"}],"predecessor-version":[{"id":354,"href":"https:\/\/draft.petiprojekti.fi\/testi\/wp-json\/wp\/v2\/pages\/316\/revisions\/354"}],"wp:attachment":[{"href":"https:\/\/draft.petiprojekti.fi\/testi\/wp-json\/wp\/v2\/media?parent=316"}],"curies":[{"name":"wp","href":"https:\/\/api.w.org\/{rel}","templated":true}]}}