{"id":30,"date":"2020-08-27T16:36:54","date_gmt":"2020-08-27T16:36:54","guid":{"rendered":"http:\/\/draft.petiprojekti.fi\/testi\/?page_id=30"},"modified":"2025-05-20T18:28:01","modified_gmt":"2025-05-20T18:28:01","slug":"petiprojekti","status":"publish","type":"page","link":"https:\/\/draft.petiprojekti.fi\/testi\/","title":{"rendered":"Etusivu"},"content":{"rendered":"\t\t<div data-elementor-type=\"wp-page\" data-elementor-id=\"30\" class=\"elementor elementor-30\">\n\t\t\t\t\t\t<div class=\"elementor-inner\">\n\t\t\t\t<div class=\"elementor-section-wrap\">\n\t\t\t\t\t\t\t\t\t<section class=\"elementor-section elementor-top-section elementor-element elementor-element-fd45cad elementor-section-boxed elementor-section-height-default elementor-section-height-default\" data-id=\"fd45cad\" data-element_type=\"section\">\n\t\t\t\t\t\t<div class=\"elementor-container elementor-column-gap-default\">\n\t\t\t\t\t\t\t<div class=\"elementor-row\">\n\t\t\t\t\t<div class=\"elementor-column elementor-col-100 elementor-top-column elementor-element elementor-element-b7e65e1\" data-id=\"b7e65e1\" data-element_type=\"column\">\n\t\t\t<div class=\"elementor-column-wrap elementor-element-populated\">\n\t\t\t\t\t\t\t<div class=\"elementor-widget-wrap\">\n\t\t\t\t\t\t<div class=\"elementor-element elementor-element-0efaa48 elementor-widget elementor-widget-alert\" data-id=\"0efaa48\" data-element_type=\"widget\" data-widget_type=\"alert.default\">\n\t\t\t\t<div class=\"elementor-widget-container\">\n\t\t\t\t\t<div class=\"elementor-alert elementor-alert-warning\" role=\"alert\">\n\t\t\t<span class=\"elementor-alert-title\">HUOM! K-18<\/span>\n\t\t\t\t\t\t\t<span class=\"elementor-alert-description\">T\u00e4ll\u00e4 sivulla oleva materiaali ei ole tarkoitettu alle 18 - vuotiaille! \n<\/span>\n\t\t\t\t\t\t\t\t\t\t<button type=\"button\" class=\"elementor-alert-dismiss\">\n\t\t\t\t\t<span aria-hidden=\"true\">&times;<\/span>\n\t\t\t\t\t<span class=\"elementor-screen-only\">Poista varoitus<\/span>\n\t\t\t\t<\/button>\n\t\t\t\t\t<\/div>\n\t\t\t\t<\/div>\n\t\t\t\t<\/div>\n\t\t\t\t\t\t<\/div>\n\t\t\t\t\t<\/div>\n\t\t<\/div>\n\t\t\t\t\t\t\t\t<\/div>\n\t\t\t\t\t<\/div>\n\t\t<\/section>\n\t\t\t\t<section class=\"elementor-section elementor-top-section elementor-element elementor-element-abf6344 elementor-section-boxed elementor-section-height-default elementor-section-height-default\" data-id=\"abf6344\" data-element_type=\"section\">\n\t\t\t\t\t\t<div class=\"elementor-container elementor-column-gap-default\">\n\t\t\t\t\t\t\t<div class=\"elementor-row\">\n\t\t\t\t\t<div class=\"elementor-column elementor-col-100 elementor-top-column elementor-element elementor-element-2361073\" data-id=\"2361073\" data-element_type=\"column\">\n\t\t\t<div class=\"elementor-column-wrap elementor-element-populated\">\n\t\t\t\t\t\t\t<div class=\"elementor-widget-wrap\">\n\t\t\t\t\t\t<div class=\"elementor-element elementor-element-771ee1d elementor-widget elementor-widget-image\" data-id=\"771ee1d\" data-element_type=\"widget\" data-widget_type=\"image.default\">\n\t\t\t\t<div class=\"elementor-widget-container\">\n\t\t\t\t\t\t\t\t<div class=\"elementor-image\">\n\t\t\t\t\t\t\t\t\t\t\t\t<img width=\"790\" height=\"329\" src=\"https:\/\/draft.petiprojekti.fi\/testi\/wp-content\/uploads\/2020\/09\/Etubanneri_-fade-1024x427.png\" class=\"attachment-large size-large\" alt=\"\" loading=\"lazy\" srcset=\"https:\/\/draft.petiprojekti.fi\/testi\/wp-content\/uploads\/2020\/09\/Etubanneri_-fade-1024x427.png 1024w, https:\/\/draft.petiprojekti.fi\/testi\/wp-content\/uploads\/2020\/09\/Etubanneri_-fade-300x125.png 300w, https:\/\/draft.petiprojekti.fi\/testi\/wp-content\/uploads\/2020\/09\/Etubanneri_-fade-768x320.png 768w, https:\/\/draft.petiprojekti.fi\/testi\/wp-content\/uploads\/2020\/09\/Etubanneri_-fade-1536x640.png 1536w, https:\/\/draft.petiprojekti.fi\/testi\/wp-content\/uploads\/2020\/09\/Etubanneri_-fade.png 1920w\" sizes=\"(max-width: 790px) 100vw, 790px\" \/>\t\t\t\t\t\t\t\t\t\t\t\t\t\t<\/div>\n\t\t\t\t\t\t<\/div>\n\t\t\t\t<\/div>\n\t\t\t\t<div class=\"elementor-element elementor-element-b24a187 elementor-widget elementor-widget-text-editor\" data-id=\"b24a187\" data-element_type=\"widget\" data-widget_type=\"text-editor.default\">\n\t\t\t\t<div class=\"elementor-widget-container\">\n\t\t\t\t\t\t\t\t<div class=\"elementor-text-editor elementor-clearfix\">\n\t\t\t\t<p class=\"p1\"><span class=\"s1\"><b>Heippa! T\u00e4\u00e4ll\u00e4 p\u00e4\u00e4see seuraamaan mun el\u00e4m\u00e4\u00e4!<\/b><\/span><\/p><p>Mulla on nimitt\u00e4in uusi suunta. Kohti rikkauksia ja himoa vai kohti yksin\u00e4isyytt\u00e4 ja merkityksett\u00f6myyden tunnetta? Tuu lukemaan, kerron kaiken oleellisen blogiin.<br \/>Tervetuloa mukaan mun petiprojektiin!<\/p><p>Terkuin, Eerika Mikaela<\/p>\t\t\t\t\t<\/div>\n\t\t\t\t\t\t<\/div>\n\t\t\t\t<\/div>\n\t\t\t\t\t\t<\/div>\n\t\t\t\t\t<\/div>\n\t\t<\/div>\n\t\t\t\t\t\t\t\t<\/div>\n\t\t\t\t\t<\/div>\n\t\t<\/section>\n\t\t\t\t<section class=\"elementor-section elementor-top-section elementor-element elementor-element-d4a283c elementor-section-boxed elementor-section-height-default elementor-section-height-default\" data-id=\"d4a283c\" data-element_type=\"section\">\n\t\t\t\t\t\t<div class=\"elementor-container elementor-column-gap-default\">\n\t\t\t\t\t\t\t<div class=\"elementor-row\">\n\t\t\t\t\t<div class=\"elementor-column elementor-col-100 elementor-top-column elementor-element elementor-element-2495d96\" data-id=\"2495d96\" data-element_type=\"column\">\n\t\t\t<div class=\"elementor-column-wrap elementor-element-populated\">\n\t\t\t\t\t\t\t<div class=\"elementor-widget-wrap\">\n\t\t\t\t\t\t<div class=\"elementor-element elementor-element-74a4770 elementor-align-center elementor-widget elementor-widget-button\" data-id=\"74a4770\" data-element_type=\"widget\" data-widget_type=\"button.default\">\n\t\t\t\t<div class=\"elementor-widget-container\">\n\t\t\t\t\t<div class=\"elementor-button-wrapper\">\n\t\t\t<a href=\"http:\/\/draft.petiprojekti.fi\/testi\/palvelut\/\" class=\"elementor-button-link elementor-button elementor-size-sm\" role=\"button\">\n\t\t\t\t\t\t<span class=\"elementor-button-content-wrapper\">\n\t\t\t\t\t\t<span class=\"elementor-button-text\">Paljo maksaa?<\/span>\n\t\t<\/span>\n\t\t\t\t\t<\/a>\n\t\t<\/div>\n\t\t\t\t<\/div>\n\t\t\t\t<\/div>\n\t\t\t\t\t\t<\/div>\n\t\t\t\t\t<\/div>\n\t\t<\/div>\n\t\t\t\t\t\t\t\t<\/div>\n\t\t\t\t\t<\/div>\n\t\t<\/section>\n\t\t\t\t<section class=\"elementor-section elementor-top-section elementor-element elementor-element-f357775 elementor-section-boxed elementor-section-height-default elementor-section-height-default\" data-id=\"f357775\" data-element_type=\"section\">\n\t\t\t\t\t\t<div class=\"elementor-container elementor-column-gap-default\">\n\t\t\t\t\t\t\t<div class=\"elementor-row\">\n\t\t\t\t\t<div class=\"elementor-column elementor-col-50 elementor-top-column elementor-element elementor-element-d394c2c\" data-id=\"d394c2c\" data-element_type=\"column\">\n\t\t\t<div class=\"elementor-column-wrap elementor-element-populated\">\n\t\t\t\t\t\t\t<div class=\"elementor-widget-wrap\">\n\t\t\t\t\t\t<div class=\"elementor-element elementor-element-6cb36c1 elementor-widget elementor-widget-wp-widget-recent-posts\" data-id=\"6cb36c1\" data-element_type=\"widget\" data-widget_type=\"wp-widget-recent-posts.default\">\n\t\t\t\t<div class=\"elementor-widget-container\">\n\t\t\t\n\t\t\n\t\t<h5>Viimeisimm\u00e4t artikkelit<\/h5>\n\t\t<ul>\n\t\t\t\t\t\t\t\t\t\t\t<li>\n\t\t\t\t\t<a href=\"https:\/\/draft.petiprojekti.fi\/testi\/2021\/11\/11\/kun-sukulaiset-saavat-tietaa\/\">Kun sukulaiset saavat tiet\u00e4\u00e4<\/a>\n\t\t\t\t\t\t\t\t\t<\/li>\n\t\t\t\t\t\t\t\t\t\t\t<li>\n\t\t\t\t\t<a href=\"https:\/\/draft.petiprojekti.fi\/testi\/2021\/08\/23\/onlyfans-kieltaa-seksuaalisen-sisallon\/\">OnlyFans kielt\u00e4\u00e4 seksuaalisen sis\u00e4ll\u00f6n.<\/a>\n\t\t\t\t\t\t\t\t\t<\/li>\n\t\t\t\t\t\t\t\t\t\t\t<li>\n\t\t\t\t\t<a href=\"https:\/\/draft.petiprojekti.fi\/testi\/2021\/08\/02\/ura-ja-tuleva-aitiys\/\">Ura ja tuleva \u00e4itiys<\/a>\n\t\t\t\t\t\t\t\t\t<\/li>\n\t\t\t\t\t\t\t\t\t\t\t<li>\n\t\t\t\t\t<a href=\"https:\/\/draft.petiprojekti.fi\/testi\/2021\/06\/23\/seksityo-raskausaikana\/\">Seksity\u00f6 raskausaikana<\/a>\n\t\t\t\t\t\t\t\t\t<\/li>\n\t\t\t\t\t\t\t\t\t\t\t<li>\n\t\t\t\t\t<a href=\"https:\/\/draft.petiprojekti.fi\/testi\/2021\/06\/02\/kansainvalinen-seksityontekijoiden-paiva\/\">Kansainv\u00e4linen seksity\u00f6ntekij\u00f6iden p\u00e4iv\u00e4<\/a>\n\t\t\t\t\t\t\t\t\t<\/li>\n\t\t\t\t\t<\/ul>\n\n\t\t\t\t<\/div>\n\t\t\t\t<\/div>\n\t\t\t\t\t\t<\/div>\n\t\t\t\t\t<\/div>\n\t\t<\/div>\n\t\t\t\t<div class=\"elementor-column elementor-col-50 elementor-top-column elementor-element elementor-element-1a5a647\" data-id=\"1a5a647\" data-element_type=\"column\">\n\t\t\t<div class=\"elementor-column-wrap\">\n\t\t\t\t\t\t\t<div class=\"elementor-widget-wrap\">\n\t\t\t\t\t\t\t\t<\/div>\n\t\t\t\t\t<\/div>\n\t\t<\/div>\n\t\t\t\t\t\t\t\t<\/div>\n\t\t\t\t\t<\/div>\n\t\t<\/section>\n\t\t\t\t<section class=\"elementor-section elementor-top-section elementor-element elementor-element-0d35866 elementor-section-boxed elementor-section-height-default elementor-section-height-default\" data-id=\"0d35866\" data-element_type=\"section\">\n\t\t\t\t\t\t<div class=\"elementor-container elementor-column-gap-default\">\n\t\t\t\t\t\t\t<div class=\"elementor-row\">\n\t\t\t\t\t<div class=\"elementor-column elementor-col-100 elementor-top-column elementor-element elementor-element-225148b\" data-id=\"225148b\" data-element_type=\"column\">\n\t\t\t<div class=\"elementor-column-wrap elementor-element-populated\">\n\t\t\t\t\t\t\t<div class=\"elementor-widget-wrap\">\n\t\t\t\t\t\t<div class=\"elementor-element elementor-element-ca302fc elementor-shape-rounded elementor-grid-0 e-grid-align-center elementor-widget elementor-widget-social-icons\" data-id=\"ca302fc\" data-element_type=\"widget\" data-widget_type=\"social-icons.default\">\n\t\t\t\t<div class=\"elementor-widget-container\">\n\t\t\t\t\t<div class=\"elementor-social-icons-wrapper elementor-grid\">\n\t\t\t\t\t\t\t<span class=\"elementor-grid-item\">\n\t\t\t\t\t<a class=\"elementor-icon elementor-social-icon elementor-social-icon-kiss-wink-heart elementor-repeater-item-3778c40\" href=\"https:\/\/alastonsuomi.com\/Eerikamikaela\" target=\"_blank\">\n\t\t\t\t\t\t<span class=\"elementor-screen-only\">Kiss-wink-heart<\/span>\n\t\t\t\t\t\t<i class=\"far fa-kiss-wink-heart\"><\/i>\t\t\t\t\t<\/a>\n\t\t\t\t<\/span>\n\t\t\t\t\t\t\t<span class=\"elementor-grid-item\">\n\t\t\t\t\t<a class=\"elementor-icon elementor-social-icon elementor-social-icon-instagram elementor-repeater-item-86b3778\" href=\"https:\/\/www.instagram.com\/eerika.mikaela\/\" target=\"_blank\">\n\t\t\t\t\t\t<span class=\"elementor-screen-only\">Instagram<\/span>\n\t\t\t\t\t\t<i class=\"fab fa-instagram\"><\/i>\t\t\t\t\t<\/a>\n\t\t\t\t<\/span>\n\t\t\t\t\t\t\t<span class=\"elementor-grid-item\">\n\t\t\t\t\t<a class=\"elementor-icon elementor-social-icon elementor-social-icon-fan elementor-repeater-item-3b6f904\" href=\"https:\/\/onlyfans.com\/eerikamikaela\" target=\"_blank\">\n\t\t\t\t\t\t<span class=\"elementor-screen-only\">Fan<\/span>\n\t\t\t\t\t\t<i class=\"fas fa-fan\"><\/i>\t\t\t\t\t<\/a>\n\t\t\t\t<\/span>\n\t\t\t\t\t\t\t<span class=\"elementor-grid-item\">\n\t\t\t\t\t<a class=\"elementor-icon elementor-social-icon elementor-social-icon-twitter elementor-repeater-item-39a33d2\" href=\"https:\/\/twitter.com\/eerikamikaelaaa\" target=\"_blank\">\n\t\t\t\t\t\t<span class=\"elementor-screen-only\">Twitter<\/span>\n\t\t\t\t\t\t<i class=\"fab fa-twitter\"><\/i>\t\t\t\t\t<\/a>\n\t\t\t\t<\/span>\n\t\t\t\t\t<\/div>\n\t\t\t\t<\/div>\n\t\t\t\t<\/div>\n\t\t\t\t\t\t<\/div>\n\t\t\t\t\t<\/div>\n\t\t<\/div>\n\t\t\t\t\t\t\t\t<\/div>\n\t\t\t\t\t<\/div>\n\t\t<\/section>\n\t\t\t\t<section class=\"elementor-section elementor-top-section elementor-element elementor-element-e569a22 elementor-section-boxed elementor-section-height-default elementor-section-height-default\" data-id=\"e569a22\" data-element_type=\"section\">\n\t\t\t\t\t\t<div class=\"elementor-container elementor-column-gap-default\">\n\t\t\t\t\t\t\t<div class=\"elementor-row\">\n\t\t\t\t\t<div class=\"elementor-column elementor-col-100 elementor-top-column elementor-element elementor-element-d68e2e4\" data-id=\"d68e2e4\" data-element_type=\"column\">\n\t\t\t<div class=\"elementor-column-wrap elementor-element-populated\">\n\t\t\t\t\t\t\t<div class=\"elementor-widget-wrap\">\n\t\t\t\t\t\t<div class=\"elementor-element elementor-element-3e159d6 elementor-widget elementor-widget-html\" data-id=\"3e159d6\" data-element_type=\"widget\" data-widget_type=\"html.default\">\n\t\t\t\t<div class=\"elementor-widget-container\">\n\t\t\t<img src=\"http:\/\/draft.petiprojekti.fi\/testi\/wp-content\/uploads\/2025\/05\/coogi.jpeg\" alt=\"Kuvaus kuvasta\" width=\u201d600\">\n\t\t<\/div>\n\t\t\t\t<\/div>\n\t\t\t\t\t\t<\/div>\n\t\t\t\t\t<\/div>\n\t\t<\/div>\n\t\t\t\t\t\t\t\t<\/div>\n\t\t\t\t\t<\/div>\n\t\t<\/section>\n\t\t\t\t\t\t\t\t\t<\/div>\n\t\t\t<\/div>\n\t\t\t\t\t<\/div>\n\t\t","protected":false},"excerpt":{"rendered":"<p>HUOM! K-18 T\u00e4ll\u00e4 sivulla oleva materiaali ei ole tarkoitettu alle 18 &#8211; vuotiaille! &times; Poista varoitus Heippa! T\u00e4\u00e4ll\u00e4 p\u00e4\u00e4see seuraamaan mun el\u00e4m\u00e4\u00e4! Mulla on nimitt\u00e4in uusi suunta. Kohti rikkauksia ja himoa vai kohti yksin\u00e4isyytt\u00e4 ja merkityksett\u00f6myyden tunnetta? Tuu lukemaan, kerron kaiken oleellisen blogiin.Tervetuloa mukaan mun petiprojektiin! Terkuin, Eerika Mikaela Paljo&#8230;<\/p>\n","protected":false},"author":1,"featured_media":0,"parent":0,"menu_order":0,"comment_status":"closed","ping_status":"closed","template":"","meta":{"ngg_post_thumbnail":0},"yoast_head":"<!-- This site is optimized with the Yoast SEO plugin v14.9 - https:\/\/yoast.com\/wordpress\/plugins\/seo\/ -->\n<title>Petiprojekti<\/title>\n<meta name=\"description\" content=\"Matka hoitsusta seksity\u00f6l\u00e4iseksi - er\u00e4\u00e4n ammatinvaihtajan tarina. Tervetuloa tutustumaan minuun ja sivuilleni. Lue blogia ja ota yhteytt\u00e4!\" \/>\n<meta name=\"robots\" content=\"index, follow, max-snippet:-1, max-image-preview:large, max-video-preview:-1\" \/>\n<link rel=\"canonical\" href=\"http:\/\/draft.petiprojekti.fi\/testi\/\" \/>\n<meta property=\"og:locale\" content=\"fi_FI\" \/>\n<meta property=\"og:type\" content=\"article\" \/>\n<meta property=\"og:title\" content=\"Petiprojekti\" \/>\n<meta property=\"og:description\" content=\"Matka hoitsusta seksity\u00f6l\u00e4iseksi - er\u00e4\u00e4n ammatinvaihtajan tarina. Tervetuloa tutustumaan minuun ja sivuilleni. Lue blogia ja ota yhteytt\u00e4!\" \/>\n<meta property=\"og:url\" content=\"http:\/\/draft.petiprojekti.fi\/testi\/\" \/>\n<meta property=\"og:site_name\" content=\"Petiprojekti\" \/>\n<meta property=\"article:modified_time\" content=\"2025-05-20T18:28:01+00:00\" \/>\n<meta property=\"og:image\" content=\"http:\/\/draft.petiprojekti.fi\/testi\/wp-content\/uploads\/2020\/09\/Etubanneri_-fade-1024x427.png\" \/>\n<meta name=\"twitter:card\" content=\"summary_large_image\" \/>\n<script type=\"application\/ld+json\" class=\"yoast-schema-graph\">{\"@context\":\"https:\/\/schema.org\",\"@graph\":[{\"@type\":\"WebSite\",\"@id\":\"https:\/\/draft.petiprojekti.fi\/testi\/#website\",\"url\":\"https:\/\/draft.petiprojekti.fi\/testi\/\",\"name\":\"Petiprojekti\",\"description\":\"Hoitsusta seksity&ouml;l&auml;iseksi - er&auml;&auml;n ammatinvaihtajan tarina\",\"potentialAction\":[{\"@type\":\"SearchAction\",\"target\":\"https:\/\/draft.petiprojekti.fi\/testi\/?s={search_term_string}\",\"query-input\":\"required name=search_term_string\"}],\"inLanguage\":\"fi\"},{\"@type\":\"ImageObject\",\"@id\":\"http:\/\/draft.petiprojekti.fi\/testi\/#primaryimage\",\"inLanguage\":\"fi\",\"url\":\"http:\/\/draft.petiprojekti.fi\/testi\/wp-content\/uploads\/2020\/09\/Etubanneri_-fade-1024x427.png\"},{\"@type\":\"WebPage\",\"@id\":\"http:\/\/draft.petiprojekti.fi\/testi\/#webpage\",\"url\":\"http:\/\/draft.petiprojekti.fi\/testi\/\",\"name\":\"Petiprojekti\",\"isPartOf\":{\"@id\":\"https:\/\/draft.petiprojekti.fi\/testi\/#website\"},\"primaryImageOfPage\":{\"@id\":\"http:\/\/draft.petiprojekti.fi\/testi\/#primaryimage\"},\"datePublished\":\"2020-08-27T16:36:54+00:00\",\"dateModified\":\"2025-05-20T18:28:01+00:00\",\"description\":\"Matka hoitsusta seksity\\u00f6l\\u00e4iseksi - er\\u00e4\\u00e4n ammatinvaihtajan tarina. Tervetuloa tutustumaan minuun ja sivuilleni. Lue blogia ja ota yhteytt\\u00e4!\",\"inLanguage\":\"fi\",\"potentialAction\":[{\"@type\":\"ReadAction\",\"target\":[\"http:\/\/draft.petiprojekti.fi\/testi\/\"]}]}]}<\/script>\n<!-- \/ Yoast SEO plugin. -->","_links":{"self":[{"href":"https:\/\/draft.petiprojekti.fi\/testi\/wp-json\/wp\/v2\/pages\/30"}],"collection":[{"href":"https:\/\/draft.petiprojekti.fi\/testi\/wp-json\/wp\/v2\/pages"}],"about":[{"href":"https:\/\/draft.petiprojekti.fi\/testi\/wp-json\/wp\/v2\/types\/page"}],"author":[{"embeddable":true,"href":"https:\/\/draft.petiprojekti.fi\/testi\/wp-json\/wp\/v2\/users\/1"}],"replies":[{"embeddable":true,"href":"https:\/\/draft.petiprojekti.fi\/testi\/wp-json\/wp\/v2\/comments?post=30"}],"version-history":[{"count":45,"href":"https:\/\/draft.petiprojekti.fi\/testi\/wp-json\/wp\/v2\/pages\/30\/revisions"}],"predecessor-version":[{"id":386,"href":"https:\/\/draft.petiprojekti.fi\/testi\/wp-json\/wp\/v2\/pages\/30\/revisions\/386"}],"wp:attachment":[{"href":"https:\/\/draft.petiprojekti.fi\/testi\/wp-json\/wp\/v2\/media?parent=30"}],"curies":[{"name":"wp","href":"https:\/\/api.w.org\/{rel}","templated":true}]}}