{"id":265,"date":"2021-03-02T13:16:17","date_gmt":"2021-03-02T13:16:17","guid":{"rendered":"http:\/\/draft.petiprojekti.fi\/testi\/?page_id=265"},"modified":"2022-10-11T09:38:17","modified_gmt":"2022-10-11T09:38:17","slug":"palvelut","status":"publish","type":"page","link":"https:\/\/draft.petiprojekti.fi\/testi\/palvelut\/","title":{"rendered":"Palvelut"},"content":{"rendered":"\n<p>T\u00e4lt\u00e4 sivulta l\u00f6ytyy lis\u00e4tietoa tarjoamistani palveluista.<\/p>\n\n\n\n<p>Haluatko p\u00e4\u00e4st\u00e4 koskemaan nuorta naisvartaloa vai otanko ohjat? Vai oletko kenties etsinyt estotonta seuraa toteuttamaan suihinottofantasian julkiselle paikalle? Tehd\u00e4\u00e4n niinkuin sin\u00e4 haluat! GFE, kevyt alistaminen ja julkiset paikat mahdollisia. Kerrothan n\u00e4ist\u00e4 toiveistasi jo aikaa varatessa, niin saadaan suunniteltua tapaaminen toiveidesi mukaan. En ole ammattidomina, enk\u00e4 tarjoa mahdollisuutta anaaliseksiin.<\/p>\n\n\n\n<p>Huomioithan tapaamisajan sis\u00e4lt\u00e4v\u00e4n seksin lis\u00e4ksi mahdolliset suihkut, smalltalkit, pukeutumiset yms. Koko aikaa emme siis harrasta seksi\u00e4. Minulla on puhelimessani h\u00e4lytys hieman ennen tapaamisajan loppua, joten sinun ei tarvitse huolehtia ajan kulumisesta.<\/p>\n\n\n\n<p><strong>Kotik\u00e4ynnit\/ outcall:<\/strong><\/p>\n\n\n\n<p>Teen hotelli- ja kotik\u00e4yntej\u00e4 Tampereella. Otathan yhteytt\u00e4 hyviss\u00e4 ajoin, jos haluat tavata! \ud83d\ude42<\/p>\n\n\n\n<p><strong>Incall:<\/strong><\/p>\n\n\n\n<p>Keikkamatkoista ilmoittelen someissani ja n\u00e4ill\u00e4 nettisivuilla, t\u00e4ll\u00f6in tapaamiset onnistuvat vain luonani.<\/p>\n\n\n\n<p><strong>Saatavilla olevat palvelut:<\/strong><\/p>\n\n\n\n<p>\u2022 Pikapano (max 15min) \/ 100\u20ac<\/p>\n\n\n\n<p>&nbsp;&nbsp; Nimens\u00e4 mukaisesti sit\u00e4 itse\u00e4\u00e4n, eli nopea yhdynt\u00e4! Ei sis\u00e4ll\u00e4 suutelua, eik\u00e4 minun tyydytt\u00e4mist\u00e4. T\u00e4m\u00e4 on oiva tapa purkaa paineita, mutta huomioithan 15min olevan todella lyhyt tapaamisaika!<\/p>\n\n\n\n<p>\u2022 GFE Seksi 30min \/ 150\u20ac<\/p>\n\n\n\n<p>&nbsp;&nbsp; Tavallista seksi\u00e4 (esileikki sinulle, yhdynt\u00e4) maustettuna &#8221;tytt\u00f6yst\u00e4v\u00e4kokemuksella&#8221; -tapaamisen aikana toiveidesi mukaan voimme suudella, saat tyydytt\u00e4\u00e4 minua ja halutessasi voit vaikka nuolla m\u00e4rk\u00e4\u00e4 herkkupilluani. Seksin j\u00e4lkeen saat hipsutuksia ja kun tiemme erkanevat, on olosi rentoutunut ja onnellinen.<\/p>\n\n\n\n<p>\u2022 GFE Seksi 45min \/ 200\u20ac<\/p>\n\n\n\n<p>\u2022 GFE Seksi 1h \/ 250\u20ac<\/p>\n\n\n\n<p>\u2022 GFE Seksi 1,5h \/ 350\u20ac<\/p>\n\n\n\n<p>\u2022 GFE Seksi 2h \/ 450\u20ac<\/p>\n\n\n\n<p>\u2022 Eerikan Escort-el\u00e4mys (sis. unelmatreffit ja seksi\u00e4) 4h \/ 600\u20ac + mahdolliset kulukorvaukset (ruuat, juomat, aktiviteettien hinnat)<\/p>\n\n\n\n<p>&nbsp;&nbsp; Millaiset olisivat sinun unelmatreffit? Sy\u00f6m\u00e4\u00e4n, leffaan vai keilaamaan? Jotain ihan muuta? Huomioithan, ett\u00e4 treffeill\u00e4 min\u00e4 en k\u00e4yt\u00e4 alkoholia ollenkaan, ja odotan my\u00f6s sinun pystyv\u00e4n itse k\u00e4velem\u00e4\u00e4n.<\/p>\n\n\n\n<p>\u2022 Seksitt\u00f6m\u00e4t treffit 60min \/ 150\u20ac<\/p>\n\n\n\n<p>&nbsp;&nbsp; Haluatko seuralaisen t\u00e4rke\u00e4\u00e4n tilaisuuteen? Leffaseuraa? Juttuseuraa? Seksit\u00f6nt\u00e4 l\u00e4heisyytt\u00e4? Seksitt\u00f6miin treffeihin ei sis\u00e4lly suutelua, sinun seksuaalista tyydytt\u00e4mist\u00e4 eik\u00e4 minun seksuaalista tyydytt\u00e4mist\u00e4.<\/p>\n\n\n\n<p>Kondomin k\u00e4ytt\u00f6 ehdoton yhdynn\u00e4ss\u00e4, samoin suikkarit vain kumilla. En jousta t\u00e4st\u00e4 lis\u00e4maksua vastaan, joten toivon sinun t\u00e4t\u00e4 rajaa kunnioittavan &#8211; meid\u00e4n molempien seksuaaliterveyden vuoksi! En sovi kumitta pyyt\u00e4vien kanssa tapaamisia ollenkaan, joten kunnioita t\u00e4t\u00e4 jos haluat tavata minut.<\/p>\n\n\n\n<p>Varaa tapaamiseen k\u00e4teist\u00e4 tasaraha, min\u00e4 en turvallisuussyist\u00e4 kanna edes vaihtorahaa mukanani. Eth\u00e4n tinkaa, n\u00e4in s\u00e4\u00e4st\u00e4t meid\u00e4n molempien aikaa. En sovi tinkareiden kanssa tapaamisia ollenkaan, joten kunnioita t\u00e4t\u00e4 jos haluat tavata minut.<\/p>\n\n\n\n<p><strong>Mit\u00e4 odotan sinulta?<\/strong><\/p>\n\n\n\n<p>Tapaan vain t\u00e4ysi-ik\u00e4isi\u00e4, sujuvaa suomenkielt\u00e4 puhuvia asiakkaita. Odotan sinun olevan tapaamisen ajan selvinp\u00e4in ja kunnioittavan rajojani.<\/p>\n\n\n\n<p><strong>Miten voimme tavata?<\/strong><\/p>\n\n\n\n<p>Ajanvaraus <a rel=\"noreferrer noopener\" href=\"http:\/\/draft.petiprojekti.fi\/testi\/ota-yhteytta\/\" target=\"_blank\">yhteydenottolomakkeen<\/a> kautta!<\/p>\n\n\n\n<p>Kerrothan yhteytt\u00e4 ottaessasi millaista palvelua haluat, sek\u00e4 miss\u00e4 ja milloin, n\u00e4in p\u00e4\u00e4st\u00e4\u00e4n heti asiaan. Mainitsethan my\u00f6s, jos on jotain, mihin minun t\u00e4ytyy ennalta varautua. Varauduthan yhteytt\u00e4 ottaessasi siihen, ett\u00e4 luultavasti en ole samana p\u00e4iv\u00e4n\u00e4 tavattavissa, lukuunottamatta niit\u00e4 p\u00e4ivi\u00e4, kun minulla on omasta puolestani majoitus jolloin tapaaminen lyhyell\u00e4kin varoajalla j\u00e4rjestett\u00e4viss\u00e4.<\/p>\n\n\n\n<p>Tavataanhan pian! &lt;3<\/p>\n","protected":false},"excerpt":{"rendered":"<p>T\u00e4lt\u00e4 sivulta l\u00f6ytyy lis\u00e4tietoa tarjoamistani palveluista. Haluatko p\u00e4\u00e4st\u00e4 koskemaan nuorta naisvartaloa vai otanko ohjat? Vai oletko kenties etsinyt estotonta seuraa toteuttamaan suihinottofantasian julkiselle paikalle? Tehd\u00e4\u00e4n niinkuin sin\u00e4 haluat! GFE, kevyt alistaminen ja julkiset paikat mahdollisia. Kerrothan n\u00e4ist\u00e4 toiveistasi jo aikaa varatessa, niin saadaan suunniteltua tapaaminen toiveidesi mukaan. En ole ammattidomina,&#8230;<\/p>\n","protected":false},"author":1,"featured_media":0,"parent":0,"menu_order":0,"comment_status":"closed","ping_status":"closed","template":"","meta":{"ngg_post_thumbnail":0},"yoast_head":"<!-- This site is optimized with the Yoast SEO plugin v14.9 - https:\/\/yoast.com\/wordpress\/plugins\/seo\/ -->\n<title>Palvelut - Petiprojekti<\/title>\n<meta name=\"robots\" content=\"index, follow, max-snippet:-1, max-image-preview:large, max-video-preview:-1\" \/>\n<link rel=\"canonical\" href=\"http:\/\/draft.petiprojekti.fi\/testi\/palvelut\/\" \/>\n<meta property=\"og:locale\" content=\"fi_FI\" \/>\n<meta property=\"og:type\" content=\"article\" \/>\n<meta property=\"og:title\" content=\"Palvelut - Petiprojekti\" \/>\n<meta property=\"og:description\" content=\"T\u00e4lt\u00e4 sivulta l\u00f6ytyy lis\u00e4tietoa tarjoamistani palveluista. Haluatko p\u00e4\u00e4st\u00e4 koskemaan nuorta naisvartaloa vai otanko ohjat? Vai oletko kenties etsinyt estotonta seuraa toteuttamaan suihinottofantasian julkiselle paikalle? Tehd\u00e4\u00e4n niinkuin sin\u00e4 haluat! GFE, kevyt alistaminen ja julkiset paikat mahdollisia. Kerrothan n\u00e4ist\u00e4 toiveistasi jo aikaa varatessa, niin saadaan suunniteltua tapaaminen toiveidesi mukaan. En ole ammattidomina,...\" \/>\n<meta property=\"og:url\" content=\"http:\/\/draft.petiprojekti.fi\/testi\/palvelut\/\" \/>\n<meta property=\"og:site_name\" content=\"Petiprojekti\" \/>\n<meta property=\"article:modified_time\" content=\"2022-10-11T09:38:17+00:00\" \/>\n<meta name=\"twitter:card\" content=\"summary_large_image\" \/>\n<script type=\"application\/ld+json\" class=\"yoast-schema-graph\">{\"@context\":\"https:\/\/schema.org\",\"@graph\":[{\"@type\":\"WebSite\",\"@id\":\"https:\/\/draft.petiprojekti.fi\/testi\/#website\",\"url\":\"https:\/\/draft.petiprojekti.fi\/testi\/\",\"name\":\"Petiprojekti\",\"description\":\"Hoitsusta seksity&ouml;l&auml;iseksi - er&auml;&auml;n ammatinvaihtajan tarina\",\"potentialAction\":[{\"@type\":\"SearchAction\",\"target\":\"https:\/\/draft.petiprojekti.fi\/testi\/?s={search_term_string}\",\"query-input\":\"required name=search_term_string\"}],\"inLanguage\":\"fi\"},{\"@type\":\"WebPage\",\"@id\":\"http:\/\/draft.petiprojekti.fi\/testi\/palvelut\/#webpage\",\"url\":\"http:\/\/draft.petiprojekti.fi\/testi\/palvelut\/\",\"name\":\"Palvelut - Petiprojekti\",\"isPartOf\":{\"@id\":\"https:\/\/draft.petiprojekti.fi\/testi\/#website\"},\"datePublished\":\"2021-03-02T13:16:17+00:00\",\"dateModified\":\"2022-10-11T09:38:17+00:00\",\"inLanguage\":\"fi\",\"potentialAction\":[{\"@type\":\"ReadAction\",\"target\":[\"http:\/\/draft.petiprojekti.fi\/testi\/palvelut\/\"]}]}]}<\/script>\n<!-- \/ Yoast SEO plugin. -->","_links":{"self":[{"href":"https:\/\/draft.petiprojekti.fi\/testi\/wp-json\/wp\/v2\/pages\/265"}],"collection":[{"href":"https:\/\/draft.petiprojekti.fi\/testi\/wp-json\/wp\/v2\/pages"}],"about":[{"href":"https:\/\/draft.petiprojekti.fi\/testi\/wp-json\/wp\/v2\/types\/page"}],"author":[{"embeddable":true,"href":"https:\/\/draft.petiprojekti.fi\/testi\/wp-json\/wp\/v2\/users\/1"}],"replies":[{"embeddable":true,"href":"https:\/\/draft.petiprojekti.fi\/testi\/wp-json\/wp\/v2\/comments?post=265"}],"version-history":[{"count":6,"href":"https:\/\/draft.petiprojekti.fi\/testi\/wp-json\/wp\/v2\/pages\/265\/revisions"}],"predecessor-version":[{"id":375,"href":"https:\/\/draft.petiprojekti.fi\/testi\/wp-json\/wp\/v2\/pages\/265\/revisions\/375"}],"wp:attachment":[{"href":"https:\/\/draft.petiprojekti.fi\/testi\/wp-json\/wp\/v2\/media?parent=265"}],"curies":[{"name":"wp","href":"https:\/\/api.w.org\/{rel}","templated":true}]}}