{"id":263,"date":"2021-03-02T13:12:50","date_gmt":"2021-03-02T13:12:50","guid":{"rendered":"http:\/\/draft.petiprojekti.fi\/testi\/?page_id=263"},"modified":"2022-10-11T09:35:05","modified_gmt":"2022-10-11T09:35:05","slug":"kuka-on-eerika-mikaela","status":"publish","type":"page","link":"https:\/\/draft.petiprojekti.fi\/testi\/kuka-on-eerika-mikaela\/","title":{"rendered":"Kuka on Eerika Mikaela?"},"content":{"rendered":"\n<p>Moikkuu, m\u00e4 olen Eerika Mikaela!<\/p>\n\n\n\n<p>Olen vuoden 2020 syksyll\u00e4 seksity\u00f6ntekij\u00e4n\u00e4 aloittanut parikymppinen nainen. Ty\u00f6ni p\u00e4\u00e4paino on full service-palveluissa ja pornossa. Pornoa teen Onlyfans-sivustolle, profiilini l\u00f6ytyy <a rel=\"noreferrer noopener\" href=\"https:\/\/onlyfans.com\/eerikamikaela\" target=\"_blank\">T\u00c4\u00c4LT\u00c4<\/a>. Alalle hakeuduin rakkaudesta lajiin \u2013 matkaani voi seurata <a rel=\"noreferrer noopener\" href=\"http:\/\/draft.petiprojekti.fi\/testi\/blogi\/\" target=\"_blank\">blogin<\/a> puolelta tarkemmin.<\/p>\n\n\n\n<p>Sinua varmasti kiinnostaa, mink\u00e4lainen tyyppi n\u00e4iden nettisivujen takana on tapaamisia tarjoamassa. Vieh\u00e4tt\u00e4v\u00e4n ulkon\u00e4\u00f6n lis\u00e4ksi olen fiksu, hauska ja keskustelutaitoinen. Minulla on pitk\u00e4t hiukset, huoliteltu meikki ja iloinen hymy. Kropaltani olen chubby\/BBW (vaatekoko L\/XL). Rintani ovat luomut ja kokoa 80J (eli isot!). Seksiss\u00e4 olen huomaavainen ja keskityn nautintoosi.<\/p>\n\n\n\n<p>Mainitsinko jo, ett\u00e4 olen hyv\u00e4 keskustelemaan? Ty\u00f6historiastani l\u00f6ytyy paljon keskusteluihin pohjautuvia ty\u00f6teht\u00e4vi\u00e4, joten voit olla varma ett\u00e4 kanssani on luontevaa keskustella niin s\u00e4\u00e4st\u00e4 kuin fantasioista \u2013 tai mist\u00e4 ikin\u00e4 haluatkaan minulle puhua. Luottamuksella totta kai.<\/p>\n\n\n\n<p>Olen seksuaalisesti aktiivinen, ja sytyn seksiss\u00e4 vaihtelusta ja vastapuolen nautinnosta. Olen pan-seksuaali, ja minulla on kokemusta seksist\u00e4 eri sukupuolten kanssa. Otan vastaan asiakkaita sukupuolesta ja seksuaalisesta suuntautumisesta riippumatta \u2013 my\u00f6s pareja. Ainoat ehtoni Sinun suhteesi on t\u00e4ysi-ik\u00e4isyys, suomen kielen osaaminen ja p\u00e4ihteett\u00f6myys tapaamisen aikana. Toivon Sinun olevan siisti ja kohtelias! Min\u00e4 huolehdin osaltani meid\u00e4n molempien seksuaaliterveydest\u00e4: kondomia k\u00e4ytet\u00e4\u00e4n niin yhdynn\u00e4ss\u00e4 kuin suuseksin aikana.<\/p>\n\n\n\n<p>En tarjoa anaaliseksi\u00e4, koska haluan varmistaa oman nautintoni olevan tapaamisen aikana 100% aitoa. Sinun pyllyll\u00e4si voidaan kyll\u00e4 leikki\u00e4, jos sellaisesta tykk\u00e4\u00e4t. Olen hyv\u00e4 esimerkiksi antamaan eturauhashierontaa!<\/p>\n\n\n\n<p>Tavataanhan pian! &lt;3<\/p>\n","protected":false},"excerpt":{"rendered":"<p>Moikkuu, m\u00e4 olen Eerika Mikaela! Olen vuoden 2020 syksyll\u00e4 seksity\u00f6ntekij\u00e4n\u00e4 aloittanut parikymppinen nainen. Ty\u00f6ni p\u00e4\u00e4paino on full service-palveluissa ja pornossa. Pornoa teen Onlyfans-sivustolle, profiilini l\u00f6ytyy T\u00c4\u00c4LT\u00c4. Alalle hakeuduin rakkaudesta lajiin \u2013 matkaani voi seurata blogin puolelta tarkemmin. Sinua varmasti kiinnostaa, mink\u00e4lainen tyyppi n\u00e4iden nettisivujen takana on tapaamisia tarjoamassa. Vieh\u00e4tt\u00e4v\u00e4n ulkon\u00e4\u00f6n&#8230;<\/p>\n","protected":false},"author":1,"featured_media":0,"parent":0,"menu_order":0,"comment_status":"closed","ping_status":"closed","template":"","meta":{"ngg_post_thumbnail":0},"yoast_head":"<!-- This site is optimized with the Yoast SEO plugin v14.9 - https:\/\/yoast.com\/wordpress\/plugins\/seo\/ -->\n<title>Kuka on Eerika Mikaela? - Petiprojekti<\/title>\n<meta name=\"robots\" content=\"index, follow, max-snippet:-1, max-image-preview:large, max-video-preview:-1\" \/>\n<link rel=\"canonical\" href=\"http:\/\/draft.petiprojekti.fi\/testi\/kuka-on-eerika-mikaela\/\" \/>\n<meta property=\"og:locale\" content=\"fi_FI\" \/>\n<meta property=\"og:type\" content=\"article\" \/>\n<meta property=\"og:title\" content=\"Kuka on Eerika Mikaela? - Petiprojekti\" \/>\n<meta property=\"og:description\" content=\"Moikkuu, m\u00e4 olen Eerika Mikaela! Olen vuoden 2020 syksyll\u00e4 seksity\u00f6ntekij\u00e4n\u00e4 aloittanut parikymppinen nainen. Ty\u00f6ni p\u00e4\u00e4paino on full service-palveluissa ja pornossa. Pornoa teen Onlyfans-sivustolle, profiilini l\u00f6ytyy T\u00c4\u00c4LT\u00c4. Alalle hakeuduin rakkaudesta lajiin \u2013 matkaani voi seurata blogin puolelta tarkemmin. Sinua varmasti kiinnostaa, mink\u00e4lainen tyyppi n\u00e4iden nettisivujen takana on tapaamisia tarjoamassa. Vieh\u00e4tt\u00e4v\u00e4n ulkon\u00e4\u00f6n...\" \/>\n<meta property=\"og:url\" content=\"http:\/\/draft.petiprojekti.fi\/testi\/kuka-on-eerika-mikaela\/\" \/>\n<meta property=\"og:site_name\" content=\"Petiprojekti\" \/>\n<meta property=\"article:modified_time\" content=\"2022-10-11T09:35:05+00:00\" \/>\n<meta name=\"twitter:card\" content=\"summary_large_image\" \/>\n<script type=\"application\/ld+json\" class=\"yoast-schema-graph\">{\"@context\":\"https:\/\/schema.org\",\"@graph\":[{\"@type\":\"WebSite\",\"@id\":\"https:\/\/draft.petiprojekti.fi\/testi\/#website\",\"url\":\"https:\/\/draft.petiprojekti.fi\/testi\/\",\"name\":\"Petiprojekti\",\"description\":\"Hoitsusta seksity&ouml;l&auml;iseksi - er&auml;&auml;n ammatinvaihtajan tarina\",\"potentialAction\":[{\"@type\":\"SearchAction\",\"target\":\"https:\/\/draft.petiprojekti.fi\/testi\/?s={search_term_string}\",\"query-input\":\"required name=search_term_string\"}],\"inLanguage\":\"fi\"},{\"@type\":\"WebPage\",\"@id\":\"http:\/\/draft.petiprojekti.fi\/testi\/kuka-on-eerika-mikaela\/#webpage\",\"url\":\"http:\/\/draft.petiprojekti.fi\/testi\/kuka-on-eerika-mikaela\/\",\"name\":\"Kuka on Eerika Mikaela? - Petiprojekti\",\"isPartOf\":{\"@id\":\"https:\/\/draft.petiprojekti.fi\/testi\/#website\"},\"datePublished\":\"2021-03-02T13:12:50+00:00\",\"dateModified\":\"2022-10-11T09:35:05+00:00\",\"inLanguage\":\"fi\",\"potentialAction\":[{\"@type\":\"ReadAction\",\"target\":[\"http:\/\/draft.petiprojekti.fi\/testi\/kuka-on-eerika-mikaela\/\"]}]}]}<\/script>\n<!-- \/ Yoast SEO plugin. -->","_links":{"self":[{"href":"https:\/\/draft.petiprojekti.fi\/testi\/wp-json\/wp\/v2\/pages\/263"}],"collection":[{"href":"https:\/\/draft.petiprojekti.fi\/testi\/wp-json\/wp\/v2\/pages"}],"about":[{"href":"https:\/\/draft.petiprojekti.fi\/testi\/wp-json\/wp\/v2\/types\/page"}],"author":[{"embeddable":true,"href":"https:\/\/draft.petiprojekti.fi\/testi\/wp-json\/wp\/v2\/users\/1"}],"replies":[{"embeddable":true,"href":"https:\/\/draft.petiprojekti.fi\/testi\/wp-json\/wp\/v2\/comments?post=263"}],"version-history":[{"count":4,"href":"https:\/\/draft.petiprojekti.fi\/testi\/wp-json\/wp\/v2\/pages\/263\/revisions"}],"predecessor-version":[{"id":374,"href":"https:\/\/draft.petiprojekti.fi\/testi\/wp-json\/wp\/v2\/pages\/263\/revisions\/374"}],"wp:attachment":[{"href":"https:\/\/draft.petiprojekti.fi\/testi\/wp-json\/wp\/v2\/media?parent=263"}],"curies":[{"name":"wp","href":"https:\/\/api.w.org\/{rel}","templated":true}]}}