{"id":23,"date":"2020-08-27T16:23:34","date_gmt":"2020-08-27T16:23:34","guid":{"rendered":"http:\/\/draft.petiprojekti.fi\/testi\/?page_id=23"},"modified":"2022-10-11T10:07:59","modified_gmt":"2022-10-11T10:07:59","slug":"ota-yhteytta","status":"publish","type":"page","link":"https:\/\/draft.petiprojekti.fi\/testi\/ota-yhteytta\/","title":{"rendered":"Ota yhteytt\u00e4"},"content":{"rendered":"\t\t<div data-elementor-type=\"wp-page\" data-elementor-id=\"23\" class=\"elementor elementor-23\">\n\t\t\t\t\t\t<div class=\"elementor-inner\">\n\t\t\t\t<div class=\"elementor-section-wrap\">\n\t\t\t\t\t\t\t\t\t<section class=\"elementor-section elementor-top-section elementor-element elementor-element-4b6e514 elementor-section-boxed elementor-section-height-default elementor-section-height-default\" data-id=\"4b6e514\" data-element_type=\"section\">\n\t\t\t\t\t\t<div class=\"elementor-container elementor-column-gap-default\">\n\t\t\t\t\t\t\t<div class=\"elementor-row\">\n\t\t\t\t\t<div class=\"elementor-column elementor-col-100 elementor-top-column elementor-element elementor-element-6bd36c9\" data-id=\"6bd36c9\" data-element_type=\"column\">\n\t\t\t<div class=\"elementor-column-wrap elementor-element-populated\">\n\t\t\t\t\t\t\t<div class=\"elementor-widget-wrap\">\n\t\t\t\t\t\t<div class=\"elementor-element elementor-element-737e28a elementor-widget elementor-widget-text-editor\" data-id=\"737e28a\" data-element_type=\"widget\" data-widget_type=\"text-editor.default\">\n\t\t\t\t<div class=\"elementor-widget-container\">\n\t\t\t\t\t\t\t\t<div class=\"elementor-text-editor elementor-clearfix\">\n\t\t\t\t<p style=\"box-sizing: inherit; color: #777777; font-family: 'Open Sans', Helvetica, Arial, sans-serif;\">Huomioithan, etten v\u00e4ltt\u00e4m\u00e4tt\u00e4 vastaa yhteydenottoon saman p\u00e4iv\u00e4n aikana &#8211; ole siis ajoissa liikkeell\u00e4!<\/p><p style=\"box-sizing: inherit; color: #777777; font-family: 'Open Sans', Helvetica, Arial, sans-serif;\">Jos haluat p\u00e4\u00e4st\u00e4 chattailemaan kanssani, se onnistuu vain maksullisen <a style=\"box-sizing: inherit;\" href=\"https:\/\/onlyfans.com\/eerikamikaela\" target=\"_blank\" rel=\"noreferrer noopener\">Onlyfans-kanavani\u00a0<\/a>tilaamalla.<\/p>\t\t\t\t\t<\/div>\n\t\t\t\t\t\t<\/div>\n\t\t\t\t<\/div>\n\t\t\t\t\t\t<\/div>\n\t\t\t\t\t<\/div>\n\t\t<\/div>\n\t\t\t\t\t\t\t\t<\/div>\n\t\t\t\t\t<\/div>\n\t\t<\/section>\n\t\t\t\t<section class=\"elementor-section elementor-top-section elementor-element elementor-element-c118f9b elementor-section-boxed elementor-section-height-default elementor-section-height-default\" data-id=\"c118f9b\" data-element_type=\"section\">\n\t\t\t\t\t\t<div class=\"elementor-container elementor-column-gap-default\">\n\t\t\t\t\t\t\t<div class=\"elementor-row\">\n\t\t\t\t\t<div class=\"elementor-column elementor-col-50 elementor-top-column elementor-element elementor-element-a25ee62\" data-id=\"a25ee62\" data-element_type=\"column\">\n\t\t\t<div class=\"elementor-column-wrap elementor-element-populated\">\n\t\t\t\t\t\t\t<div class=\"elementor-widget-wrap\">\n\t\t\t\t\t\t<div class=\"elementor-element elementor-element-f5bafb6 elementor-widget elementor-widget-text-editor\" data-id=\"f5bafb6\" data-element_type=\"widget\" data-widget_type=\"text-editor.default\">\n\t\t\t\t<div class=\"elementor-widget-container\">\n\t\t\t\t\t\t\t\t<div class=\"elementor-text-editor elementor-clearfix\">\n\t\t\t\t<div role=\"form\" class=\"wpcf7\" id=\"wpcf7-f118-o1\" lang=\"fi\" dir=\"ltr\">\n<div class=\"screen-reader-response\" role=\"alert\" aria-live=\"polite\"><\/div>\n<form action=\"\/testi\/wp-json\/wp\/v2\/pages\/23#wpcf7-f118-o1\" method=\"post\" class=\"wpcf7-form init\" novalidate=\"novalidate\">\n<div style=\"display: none;\">\n<input type=\"hidden\" name=\"_wpcf7\" value=\"118\" \/>\n<input type=\"hidden\" name=\"_wpcf7_version\" value=\"5.2.2\" \/>\n<input type=\"hidden\" name=\"_wpcf7_locale\" value=\"fi\" \/>\n<input type=\"hidden\" name=\"_wpcf7_unit_tag\" value=\"wpcf7-f118-o1\" \/>\n<input type=\"hidden\" name=\"_wpcf7_container_post\" value=\"0\" \/>\n<input type=\"hidden\" name=\"_wpcf7_posted_data_hash\" value=\"\" \/>\n<\/div>\n<p><label> Nimi (pakollinen)<br \/>\n    <span class=\"wpcf7-form-control-wrap your-name\"><input type=\"text\" name=\"your-name\" value=\"\" size=\"40\" class=\"wpcf7-form-control wpcf7-text wpcf7-validates-as-required\" aria-required=\"true\" aria-invalid=\"false\" \/><\/span> <\/label><\/p>\n<p><label> S\u00e4hk\u00f6posti<br \/>\n    <span class=\"wpcf7-form-control-wrap youremail\"><input type=\"email\" name=\"youremail\" value=\"\" size=\"40\" class=\"wpcf7-form-control wpcf7-text wpcf7-email wpcf7-validates-as-email\" aria-invalid=\"false\" \/><\/span><\/label><\/p>\n<p><label> Numero (Whatsapp)<br \/>\n    <span class=\"wpcf7-form-control-wrap Numero\"><input type=\"tel\" name=\"Numero\" value=\"\" size=\"40\" class=\"wpcf7-form-control wpcf7-text wpcf7-tel wpcf7-validates-as-tel\" aria-invalid=\"false\" placeholder=\"+358401234567\" \/><\/span><\/label><\/p>\n<p><label> Aihe<br \/>\n    <span class=\"wpcf7-form-control-wrap your-subject\"><input type=\"text\" name=\"your-subject\" value=\"\" size=\"40\" class=\"wpcf7-form-control wpcf7-text\" aria-invalid=\"false\" \/><\/span> <\/label><\/p>\n<p><label> Viesti<br \/>\n    <span class=\"wpcf7-form-control-wrap your-message\"><textarea name=\"your-message\" cols=\"40\" rows=\"10\" class=\"wpcf7-form-control wpcf7-textarea\" aria-invalid=\"false\" placeholder=\"Kerrothan milloin haluaisit tavata ja mit\u00e4 silloin tehd\u00e4...\"><\/textarea><\/span>  <\/label><\/p>\n<p><input type=\"submit\" value=\"L\u00e4het\u00e4\" class=\"wpcf7-form-control wpcf7-submit\" \/><\/p>\n<div class=\"wpcf7-response-output\" role=\"alert\" aria-hidden=\"true\"><\/div><\/form><\/div>\t\t\t\t\t<\/div>\n\t\t\t\t\t\t<\/div>\n\t\t\t\t<\/div>\n\t\t\t\t\t\t<\/div>\n\t\t\t\t\t<\/div>\n\t\t<\/div>\n\t\t\t\t<div class=\"elementor-column elementor-col-50 elementor-top-column elementor-element elementor-element-e7a82b0\" data-id=\"e7a82b0\" data-element_type=\"column\">\n\t\t\t<div class=\"elementor-column-wrap elementor-element-populated\">\n\t\t\t\t\t\t\t<div class=\"elementor-widget-wrap\">\n\t\t\t\t\t\t\t\t<\/div>\n\t\t\t\t\t<\/div>\n\t\t<\/div>\n\t\t\t\t\t\t\t\t<\/div>\n\t\t\t\t\t<\/div>\n\t\t<\/section>\n\t\t\t\t\t\t\t\t\t<\/div>\n\t\t\t<\/div>\n\t\t\t\t\t<\/div>\n\t\t","protected":false},"excerpt":{"rendered":"<p>Huomioithan, etten v\u00e4ltt\u00e4m\u00e4tt\u00e4 vastaa yhteydenottoon saman p\u00e4iv\u00e4n aikana &#8211; ole siis ajoissa liikkeell\u00e4! Jos haluat p\u00e4\u00e4st\u00e4 chattailemaan kanssani, se onnistuu vain maksullisen Onlyfans-kanavani\u00a0tilaamalla.<\/p>\n","protected":false},"author":1,"featured_media":0,"parent":0,"menu_order":0,"comment_status":"closed","ping_status":"closed","template":"","meta":{"ngg_post_thumbnail":0},"yoast_head":"<!-- This site is optimized with the Yoast SEO plugin v14.9 - https:\/\/yoast.com\/wordpress\/plugins\/seo\/ -->\n<title>Ota yhteytt\u00e4 - Petiprojekti<\/title>\n<meta name=\"robots\" content=\"index, follow, max-snippet:-1, max-image-preview:large, max-video-preview:-1\" \/>\n<link rel=\"canonical\" href=\"http:\/\/draft.petiprojekti.fi\/testi\/ota-yhteytta\/\" \/>\n<meta property=\"og:locale\" content=\"fi_FI\" \/>\n<meta property=\"og:type\" content=\"article\" \/>\n<meta property=\"og:title\" content=\"Ota yhteytt\u00e4 - Petiprojekti\" \/>\n<meta property=\"og:description\" content=\"Huomioithan, etten v\u00e4ltt\u00e4m\u00e4tt\u00e4 vastaa yhteydenottoon saman p\u00e4iv\u00e4n aikana &#8211; ole siis ajoissa liikkeell\u00e4! Jos haluat p\u00e4\u00e4st\u00e4 chattailemaan kanssani, se onnistuu vain maksullisen Onlyfans-kanavani\u00a0tilaamalla.\" \/>\n<meta property=\"og:url\" content=\"http:\/\/draft.petiprojekti.fi\/testi\/ota-yhteytta\/\" \/>\n<meta property=\"og:site_name\" content=\"Petiprojekti\" \/>\n<meta property=\"article:modified_time\" content=\"2022-10-11T10:07:59+00:00\" \/>\n<meta name=\"twitter:card\" content=\"summary_large_image\" \/>\n<script type=\"application\/ld+json\" class=\"yoast-schema-graph\">{\"@context\":\"https:\/\/schema.org\",\"@graph\":[{\"@type\":\"WebSite\",\"@id\":\"https:\/\/draft.petiprojekti.fi\/testi\/#website\",\"url\":\"https:\/\/draft.petiprojekti.fi\/testi\/\",\"name\":\"Petiprojekti\",\"description\":\"Hoitsusta seksity&ouml;l&auml;iseksi - er&auml;&auml;n ammatinvaihtajan tarina\",\"potentialAction\":[{\"@type\":\"SearchAction\",\"target\":\"https:\/\/draft.petiprojekti.fi\/testi\/?s={search_term_string}\",\"query-input\":\"required name=search_term_string\"}],\"inLanguage\":\"fi\"},{\"@type\":\"WebPage\",\"@id\":\"http:\/\/draft.petiprojekti.fi\/testi\/ota-yhteytta\/#webpage\",\"url\":\"http:\/\/draft.petiprojekti.fi\/testi\/ota-yhteytta\/\",\"name\":\"Ota yhteytt\\u00e4 - Petiprojekti\",\"isPartOf\":{\"@id\":\"https:\/\/draft.petiprojekti.fi\/testi\/#website\"},\"datePublished\":\"2020-08-27T16:23:34+00:00\",\"dateModified\":\"2022-10-11T10:07:59+00:00\",\"inLanguage\":\"fi\",\"potentialAction\":[{\"@type\":\"ReadAction\",\"target\":[\"http:\/\/draft.petiprojekti.fi\/testi\/ota-yhteytta\/\"]}]}]}<\/script>\n<!-- \/ Yoast SEO plugin. -->","_links":{"self":[{"href":"https:\/\/draft.petiprojekti.fi\/testi\/wp-json\/wp\/v2\/pages\/23"}],"collection":[{"href":"https:\/\/draft.petiprojekti.fi\/testi\/wp-json\/wp\/v2\/pages"}],"about":[{"href":"https:\/\/draft.petiprojekti.fi\/testi\/wp-json\/wp\/v2\/types\/page"}],"author":[{"embeddable":true,"href":"https:\/\/draft.petiprojekti.fi\/testi\/wp-json\/wp\/v2\/users\/1"}],"replies":[{"embeddable":true,"href":"https:\/\/draft.petiprojekti.fi\/testi\/wp-json\/wp\/v2\/comments?post=23"}],"version-history":[{"count":15,"href":"https:\/\/draft.petiprojekti.fi\/testi\/wp-json\/wp\/v2\/pages\/23\/revisions"}],"predecessor-version":[{"id":379,"href":"https:\/\/draft.petiprojekti.fi\/testi\/wp-json\/wp\/v2\/pages\/23\/revisions\/379"}],"wp:attachment":[{"href":"https:\/\/draft.petiprojekti.fi\/testi\/wp-json\/wp\/v2\/media?parent=23"}],"curies":[{"name":"wp","href":"https:\/\/api.w.org\/{rel}","templated":true}]}}