{"id":204,"date":"2020-10-22T19:01:35","date_gmt":"2020-10-22T19:01:35","guid":{"rendered":"http:\/\/draft.petiprojekti.fi\/testi\/?page_id=204"},"modified":"2021-03-17T13:38:09","modified_gmt":"2021-03-17T13:38:09","slug":"galleria","status":"publish","type":"page","link":"https:\/\/draft.petiprojekti.fi\/testi\/galleria\/","title":{"rendered":"Galleria"},"content":{"rendered":"\n<p>T\u00e4ss\u00e4 muutama esittelykuva siit\u00e4, millainen paketti olen! Jos pid\u00e4t eroottisista kuvista ja kiihkeist\u00e4 pornovideoista, suosittelen tilaamaan <a rel=\"noreferrer noopener\" href=\"https:\/\/onlyfans.com\/eerikamikaela\" target=\"_blank\">Onlyfans-kanavani<\/a> .<\/p>\n\n\n\nngg_shortcode_0_placeholder\n\n\n\n<p><\/p>\n","protected":false},"excerpt":{"rendered":"<p>T\u00e4ss\u00e4 muutama esittelykuva siit\u00e4, millainen paketti olen! Jos pid\u00e4t eroottisista kuvista ja kiihkeist\u00e4 pornovideoista, suosittelen tilaamaan Onlyfans-kanavani .<\/p>\n","protected":false},"author":1,"featured_media":0,"parent":0,"menu_order":0,"comment_status":"closed","ping_status":"closed","template":"","meta":{"ngg_post_thumbnail":0},"yoast_head":"<!-- This site is optimized with the Yoast SEO plugin v14.9 - https:\/\/yoast.com\/wordpress\/plugins\/seo\/ -->\n<title>Galleria - Petiprojekti<\/title>\n<meta name=\"robots\" content=\"index, follow, max-snippet:-1, max-image-preview:large, max-video-preview:-1\" \/>\n<link rel=\"canonical\" href=\"http:\/\/draft.petiprojekti.fi\/testi\/galleria\/\" \/>\n<meta property=\"og:locale\" content=\"fi_FI\" \/>\n<meta property=\"og:type\" content=\"article\" \/>\n<meta property=\"og:title\" content=\"Galleria - Petiprojekti\" \/>\n<meta property=\"og:description\" content=\"T\u00e4ss\u00e4 muutama esittelykuva siit\u00e4, millainen paketti olen! Jos pid\u00e4t eroottisista kuvista ja kiihkeist\u00e4 pornovideoista, suosittelen tilaamaan Onlyfans-kanavani .\" \/>\n<meta property=\"og:url\" content=\"http:\/\/draft.petiprojekti.fi\/testi\/galleria\/\" \/>\n<meta property=\"og:site_name\" content=\"Petiprojekti\" \/>\n<meta property=\"article:modified_time\" content=\"2021-03-17T13:38:09+00:00\" \/>\n<meta name=\"twitter:card\" content=\"summary_large_image\" \/>\n<script type=\"application\/ld+json\" class=\"yoast-schema-graph\">{\"@context\":\"https:\/\/schema.org\",\"@graph\":[{\"@type\":\"WebSite\",\"@id\":\"https:\/\/draft.petiprojekti.fi\/testi\/#website\",\"url\":\"https:\/\/draft.petiprojekti.fi\/testi\/\",\"name\":\"Petiprojekti\",\"description\":\"Hoitsusta seksity&ouml;l&auml;iseksi - er&auml;&auml;n ammatinvaihtajan tarina\",\"potentialAction\":[{\"@type\":\"SearchAction\",\"target\":\"https:\/\/draft.petiprojekti.fi\/testi\/?s={search_term_string}\",\"query-input\":\"required name=search_term_string\"}],\"inLanguage\":\"fi\"},{\"@type\":\"WebPage\",\"@id\":\"http:\/\/draft.petiprojekti.fi\/testi\/galleria\/#webpage\",\"url\":\"http:\/\/draft.petiprojekti.fi\/testi\/galleria\/\",\"name\":\"Galleria - Petiprojekti\",\"isPartOf\":{\"@id\":\"https:\/\/draft.petiprojekti.fi\/testi\/#website\"},\"datePublished\":\"2020-10-22T19:01:35+00:00\",\"dateModified\":\"2021-03-17T13:38:09+00:00\",\"inLanguage\":\"fi\",\"potentialAction\":[{\"@type\":\"ReadAction\",\"target\":[\"http:\/\/draft.petiprojekti.fi\/testi\/galleria\/\"]}]}]}<\/script>\n<!-- \/ Yoast SEO plugin. -->","_links":{"self":[{"href":"https:\/\/draft.petiprojekti.fi\/testi\/wp-json\/wp\/v2\/pages\/204"}],"collection":[{"href":"https:\/\/draft.petiprojekti.fi\/testi\/wp-json\/wp\/v2\/pages"}],"about":[{"href":"https:\/\/draft.petiprojekti.fi\/testi\/wp-json\/wp\/v2\/types\/page"}],"author":[{"embeddable":true,"href":"https:\/\/draft.petiprojekti.fi\/testi\/wp-json\/wp\/v2\/users\/1"}],"replies":[{"embeddable":true,"href":"https:\/\/draft.petiprojekti.fi\/testi\/wp-json\/wp\/v2\/comments?post=204"}],"version-history":[{"count":5,"href":"https:\/\/draft.petiprojekti.fi\/testi\/wp-json\/wp\/v2\/pages\/204\/revisions"}],"predecessor-version":[{"id":292,"href":"https:\/\/draft.petiprojekti.fi\/testi\/wp-json\/wp\/v2\/pages\/204\/revisions\/292"}],"wp:attachment":[{"href":"https:\/\/draft.petiprojekti.fi\/testi\/wp-json\/wp\/v2\/media?parent=204"}],"curies":[{"name":"wp","href":"https:\/\/api.w.org\/{rel}","templated":true}]}}